{"id":692,"date":"2025-11-19T11:22:46","date_gmt":"2025-11-19T10:22:46","guid":{"rendered":"https:\/\/leseditionsduvignoble.com\/?post_type=product&#038;p=692"},"modified":"2025-11-20T18:29:36","modified_gmt":"2025-11-20T17:29:36","slug":"le-bonheur-des-autres","status":"publish","type":"product","link":"https:\/\/leseditionsduvignoble.com\/index.php\/produit\/le-bonheur-des-autres\/","title":{"rendered":"Le Bonheur des autres"},"content":{"rendered":"<p><strong>C\u2019est au-dessus du bassin de carpes Ko\u00ef de la propri\u00e9t\u00e9 de son amie Rachel que Mathilde lui fait la promesse posthume de retrouver son petit-fils myst\u00e9rieusement disparu. \u00a0De son village natal du Morvan aux r\u00e9serves des Premi\u00e8res Nations du Qu\u00e9bec, cette enqu\u00eate devient une \u00e9preuve\u00a0 initiatique dont la d\u00e9couverte du bonheur est le v\u00e9ritable enjeu.<\/strong><\/p>\n<p>Extrait :<\/p>\n<h4><em>\u00a0\u00a0 \u00ab\u00a0Mathilde<\/em><em>\u00a0ne voulait pas se contenter d\u2019un semblant de bonheur, comme celui de ses parents, de son fr\u00e8re, de ses amis d\u2019enfance. De ces bonheurs ordinaires qu\u2019on ach\u00e8te \u00e0 cr\u00e9dit, pour se couler dans le moule, par tradition familiale, pour que ceux que l\u2019on aime pensent que l\u2019on est heureux. Mathilde r\u00eavait d\u2019autre chose, mais elle ne savait pas de quoi, ni d\u2019argent, ni de pouvoir, ni de gloire, elle r\u00eavait juste du bonheur, de celui des autres, de ceux que l\u2019on croise par hasard et qui portent en eux, un je ne sais quoi de diff\u00e9rent, d\u2019inexplicable qui ne tient \u00e0 rien de pr\u00e9cis. De quoi le bonheur des autres \u00e9tait-il fait ? D\u2019une aptitude particuli\u00e8re, d\u2019une rencontre, d\u2019un heureux \u00e9v\u00e9nement qui avait boulevers\u00e9 leur existence, ou bien alors ce grand bonheur \u00e9tait-il seulement la succession d\u2019une s\u00e9rie de petites joies quotidiennes qui, misent bout \u00e0 bout, enchantaient leurs vies ? \u00bb<\/em><\/h4>\n","protected":false},"excerpt":{"rendered":"<p>C\u2019est au-dessus du bassin de carpes Ko\u00ef de la propri\u00e9t\u00e9 de son amie Rachel que Mathilde lui fait la promesse posthume de retrouver son petit-fils myst\u00e9rieusement disparu. \u00a0De son village natal du Morvan aux r\u00e9serves des Premi\u00e8res Nations du Qu\u00e9bec, cette enqu\u00eate devient une \u00e9preuve\u00a0 initiatique dont la d\u00e9couverte du bonheur est le v\u00e9ritable enjeu. Extrait : \u00a0\u00a0 \u00ab\u00a0Mathilde\u00a0ne voulait pas se contenter d\u2019un semblant de bonheur, comme celui de ses parents, de son fr\u00e8re, de ses amis d\u2019enfance. De&#8230;<\/p>\n<p class=\"read-more\"><a class=\"btn btn-default\" href=\"https:\/\/leseditionsduvignoble.com\/index.php\/produit\/le-bonheur-des-autres\/\">Lire la suite<span class=\"screen-reader-text\"> Lire la suite<\/span><\/a><\/p>\n","protected":false},"featured_media":655,"comment_status":"open","ping_status":"closed","template":"","meta":{"_monsterinsights_skip_tracking":false,"_monsterinsights_sitenote_active":false,"_monsterinsights_sitenote_note":"","_monsterinsights_sitenote_category":0},"product_brand":[],"product_cat":[19],"product_tag":[],"class_list":{"0":"post-692","1":"product","2":"type-product","3":"status-publish","4":"has-post-thumbnail","6":"product_cat-boutique-en-ligne","8":"first","9":"instock","10":"shipping-taxable","11":"purchasable","12":"product-type-simple"},"_links":{"self":[{"href":"https:\/\/leseditionsduvignoble.com\/index.php\/wp-json\/wp\/v2\/product\/692","targetHints":{"allow":["GET"]}}],"collection":[{"href":"https:\/\/leseditionsduvignoble.com\/index.php\/wp-json\/wp\/v2\/product"}],"about":[{"href":"https:\/\/leseditionsduvignoble.com\/index.php\/wp-json\/wp\/v2\/types\/product"}],"replies":[{"embeddable":true,"href":"https:\/\/leseditionsduvignoble.com\/index.php\/wp-json\/wp\/v2\/comments?post=692"}],"wp:featuredmedia":[{"embeddable":true,"href":"https:\/\/leseditionsduvignoble.com\/index.php\/wp-json\/wp\/v2\/media\/655"}],"wp:attachment":[{"href":"https:\/\/leseditionsduvignoble.com\/index.php\/wp-json\/wp\/v2\/media?parent=692"}],"wp:term":[{"taxonomy":"product_brand","embeddable":true,"href":"https:\/\/leseditionsduvignoble.com\/index.php\/wp-json\/wp\/v2\/product_brand?post=692"},{"taxonomy":"product_cat","embeddable":true,"href":"https:\/\/leseditionsduvignoble.com\/index.php\/wp-json\/wp\/v2\/product_cat?post=692"},{"taxonomy":"product_tag","embeddable":true,"href":"https:\/\/leseditionsduvignoble.com\/index.php\/wp-json\/wp\/v2\/product_tag?post=692"}],"curies":[{"name":"wp","href":"https:\/\/api.w.org\/{rel}","templated":true}]}}