{"id":688,"date":"2025-11-19T10:52:28","date_gmt":"2025-11-19T09:52:28","guid":{"rendered":"https:\/\/leseditionsduvignoble.com\/?post_type=product&#038;p=688"},"modified":"2025-11-20T18:31:58","modified_gmt":"2025-11-20T17:31:58","slug":"les-resilientes-2","status":"publish","type":"product","link":"https:\/\/leseditionsduvignoble.com\/index.php\/produit\/les-resilientes-2\/","title":{"rendered":"Les R\u00e9silientes"},"content":{"rendered":"<h4>Apr\u00e8s avoir perdu ses parents dans un accident de voiture, Aur\u00e9lie est \u00e9lev\u00e9e avec sa cousine Marion par son oncle et da tante. Les deux adolescentes, tr\u00e8s complices, partagent une enfance difficile sous la coupe d\u2019un homme autoritaire. Devenues adultes, la vie les s\u00e9pare, l\u2019une est m\u00e9decin au Mali, l\u2019autre journaliste au Canada. De nouveau r\u00e9unies, elles feront l\u2019exp\u00e9rience de la maladie et du deuil. Peu \u00e0 peu le voile se l\u00e8ve sur leur pass\u00e9, mais aucune \u00e9preuve ne parviendra \u00e0 les s\u00e9parer. Elles d\u00e9couvriront alors que cette force myst\u00e9rieuse porte un nom : la solidarit\u00e9 des r\u00e9silientes. Un roman dans l\u2019air du temps sur les relations entre les hommes et les femmes : amiti\u00e9, amour, domination, violence et r\u00e9silience.<\/h4>\n","protected":false},"excerpt":{"rendered":"<p>Apr\u00e8s avoir perdu ses parents dans un accident de voiture, Aur\u00e9lie est \u00e9lev\u00e9e avec sa cousine Marion par son oncle et da tante. Les deux adolescentes, tr\u00e8s complices, partagent une enfance difficile sous la coupe d\u2019un homme autoritaire. Devenues adultes, la vie les s\u00e9pare, l\u2019une est m\u00e9decin au Mali, l\u2019autre journaliste au Canada. De nouveau r\u00e9unies, elles feront l\u2019exp\u00e9rience de la maladie et du deuil. Peu \u00e0 peu le voile se l\u00e8ve sur leur pass\u00e9, mais aucune \u00e9preuve ne parviendra&#8230;<\/p>\n<p class=\"read-more\"><a class=\"btn btn-default\" href=\"https:\/\/leseditionsduvignoble.com\/index.php\/produit\/les-resilientes-2\/\">Lire la suite<span class=\"screen-reader-text\"> Lire la suite<\/span><\/a><\/p>\n","protected":false},"featured_media":569,"comment_status":"open","ping_status":"closed","template":"","meta":{"_monsterinsights_skip_tracking":false,"_monsterinsights_sitenote_active":false,"_monsterinsights_sitenote_note":"","_monsterinsights_sitenote_category":0},"product_brand":[],"product_cat":[19],"product_tag":[],"class_list":{"0":"post-688","1":"product","2":"type-product","3":"status-publish","4":"has-post-thumbnail","6":"product_cat-boutique-en-ligne","8":"first","9":"instock","10":"shipping-taxable","11":"purchasable","12":"product-type-simple"},"_links":{"self":[{"href":"https:\/\/leseditionsduvignoble.com\/index.php\/wp-json\/wp\/v2\/product\/688","targetHints":{"allow":["GET"]}}],"collection":[{"href":"https:\/\/leseditionsduvignoble.com\/index.php\/wp-json\/wp\/v2\/product"}],"about":[{"href":"https:\/\/leseditionsduvignoble.com\/index.php\/wp-json\/wp\/v2\/types\/product"}],"replies":[{"embeddable":true,"href":"https:\/\/leseditionsduvignoble.com\/index.php\/wp-json\/wp\/v2\/comments?post=688"}],"wp:featuredmedia":[{"embeddable":true,"href":"https:\/\/leseditionsduvignoble.com\/index.php\/wp-json\/wp\/v2\/media\/569"}],"wp:attachment":[{"href":"https:\/\/leseditionsduvignoble.com\/index.php\/wp-json\/wp\/v2\/media?parent=688"}],"wp:term":[{"taxonomy":"product_brand","embeddable":true,"href":"https:\/\/leseditionsduvignoble.com\/index.php\/wp-json\/wp\/v2\/product_brand?post=688"},{"taxonomy":"product_cat","embeddable":true,"href":"https:\/\/leseditionsduvignoble.com\/index.php\/wp-json\/wp\/v2\/product_cat?post=688"},{"taxonomy":"product_tag","embeddable":true,"href":"https:\/\/leseditionsduvignoble.com\/index.php\/wp-json\/wp\/v2\/product_tag?post=688"}],"curies":[{"name":"wp","href":"https:\/\/api.w.org\/{rel}","templated":true}]}}