{"id":560,"date":"2024-06-16T10:30:29","date_gmt":"2024-06-16T08:30:29","guid":{"rendered":"https:\/\/leseditionsduvignoble.com\/?post_type=product&#038;p=560"},"modified":"2024-08-07T09:22:40","modified_gmt":"2024-08-07T07:22:40","slug":"jusqua-la-derniere-note","status":"publish","type":"product","link":"https:\/\/leseditionsduvignoble.com\/index.php\/produit\/jusqua-la-derniere-note\/","title":{"rendered":"Jusqu&rsquo;\u00e0 la derni\u00e8re note"},"content":{"rendered":"<p>L\u00e9on Calliopin, musicien n\u00e9 se voulait disciple d&rsquo;Orph\u00e9e. Ses prouesses instrumentales, de l&rsquo;harmonica au piano mais surtout \u00e0 la guitare, l&rsquo;en persuadaient. Devenu Orphi par l&rsquo;amiti\u00e9 se ses proches, le monde de l&rsquo;art s&rsquo;ouvre \u00e0 lui avec ses d\u00e9couvertes, ses interrogations et ses enchantements. Il y acc\u00e9dera accompagn\u00e9 et soutenu par son amies Clarisse dont il fera sa dryade Eurydice et la femme de sa vie.<\/p>\n<p>Savait-il que la belle l\u00e9gende olympienne s&rsquo;ach\u00e8ve h\u00e9las en Enfer ? Mais dans les ann\u00e9es cinquante l&rsquo;Enfer n&rsquo;existe plus. Allez savoir ! &#8230;<\/p>\n<p>&nbsp;<\/p>\n","protected":false},"excerpt":{"rendered":"<p>Dans ce nouveau roman Ignacio Catalan renoue avec sa passion pour la musique en m\u00ealant avec bonheur un\u00a0 r\u00e9cit de notre temps avec la mythologie et le mythe d&rsquo;Orph\u00e9e .<\/p>\n","protected":false},"featured_media":545,"comment_status":"open","ping_status":"closed","template":"","meta":{"_monsterinsights_skip_tracking":false,"_monsterinsights_sitenote_active":false,"_monsterinsights_sitenote_note":"","_monsterinsights_sitenote_category":0},"product_brand":[],"product_cat":[19],"product_tag":[],"class_list":{"0":"post-560","1":"product","2":"type-product","3":"status-publish","4":"has-post-thumbnail","6":"product_cat-boutique-en-ligne","8":"first","9":"instock","10":"shipping-taxable","11":"purchasable","12":"product-type-simple"},"_links":{"self":[{"href":"https:\/\/leseditionsduvignoble.com\/index.php\/wp-json\/wp\/v2\/product\/560","targetHints":{"allow":["GET"]}}],"collection":[{"href":"https:\/\/leseditionsduvignoble.com\/index.php\/wp-json\/wp\/v2\/product"}],"about":[{"href":"https:\/\/leseditionsduvignoble.com\/index.php\/wp-json\/wp\/v2\/types\/product"}],"replies":[{"embeddable":true,"href":"https:\/\/leseditionsduvignoble.com\/index.php\/wp-json\/wp\/v2\/comments?post=560"}],"wp:featuredmedia":[{"embeddable":true,"href":"https:\/\/leseditionsduvignoble.com\/index.php\/wp-json\/wp\/v2\/media\/545"}],"wp:attachment":[{"href":"https:\/\/leseditionsduvignoble.com\/index.php\/wp-json\/wp\/v2\/media?parent=560"}],"wp:term":[{"taxonomy":"product_brand","embeddable":true,"href":"https:\/\/leseditionsduvignoble.com\/index.php\/wp-json\/wp\/v2\/product_brand?post=560"},{"taxonomy":"product_cat","embeddable":true,"href":"https:\/\/leseditionsduvignoble.com\/index.php\/wp-json\/wp\/v2\/product_cat?post=560"},{"taxonomy":"product_tag","embeddable":true,"href":"https:\/\/leseditionsduvignoble.com\/index.php\/wp-json\/wp\/v2\/product_tag?post=560"}],"curies":[{"name":"wp","href":"https:\/\/api.w.org\/{rel}","templated":true}]}}