{"id":526,"date":"2023-08-05T09:24:57","date_gmt":"2023-08-05T07:24:57","guid":{"rendered":"https:\/\/leseditionsduvignoble.com\/?post_type=product&#038;p=526"},"modified":"2025-11-20T18:33:30","modified_gmt":"2025-11-20T17:33:30","slug":"je-reviendrai-a-montreal","status":"publish","type":"product","link":"https:\/\/leseditionsduvignoble.com\/index.php\/produit\/je-reviendrai-a-montreal\/","title":{"rendered":"Je reviendrai \u00e0 Montr\u00e9al"},"content":{"rendered":"<p>Benjamin, Carla, C\u00e9dric et Jade, sont convoqu\u00e9s \u00e0 Montr\u00e9al dans le cadre de la succession de Denise, une myst\u00e9rieuse grand-m\u00e8re, dont, jusqu\u2019\u00e0 ce jour, ils ignoraient totalement l\u2019existence Denise est leur seul lien, car ils n\u2019appartiennent pas au m\u00eame monde, \u00e9ducation, milieu social et ambitions, tous les s\u00e9parent. Cet h\u00e9ritage va leur apprendre \u00e0 mieux se conna\u00eetre et va r\u00e9v\u00e9ler des secrets qui vont bouleverser leurs comportements. Ils vont rencontrer Aiyana, une Indienne de la nation algonquine, qui va leur faire d\u00e9couvrir son pays, ses paysages grandioses, mais aussi sa face cach\u00e9e, la \u00ab\u00a0colonisation\u00a0\u00bb des peuples autochtones.<\/p>\n<p>Dans ce 13<sup>\u00e8me<\/sup> roman, Michel Rederon revient sur les th\u00e8mes qui lui sont chers\u00a0: L\u2019importance des rencontres, mais aussi de la famille et de l\u2019h\u00e9ritage moral qui nous a \u00e9t\u00e9 l\u00e9gu\u00e9. \u00ab\u00a0On est toujours\u00a0<em>les enfants de nos parents, des mondes qu\u2019ils ont construits et des univers d\u00e9truits qu\u2019ils ont pleur\u00e9s\u201d (Delphine Horvilleur). Savoir de qui l\u2019on descend r\u00e9ellement cr\u00e9e des obligations et mieux conna\u00eetre son pass\u00e9 peut modifier l\u2019avenir que l\u2019on souhaite se construire. <\/em><\/p>\n<p><em>\u00a0\u00a0 Ce roman nous fait d\u00e9couvrir \u00e9galement les conditions de vie des \u00ab\u00a0premi\u00e8res nations\u00a0\u00bb indiennes vivant dans les r\u00e9serves. Les crimes d\u2019\u00e9tat dont ils ont \u00e9t\u00e9 victimes dans le pass\u00e9 et de leur lutte, soutenue par l\u2019UNESCO, pour la survie de leur culture et de leur mode de vie.\u00a0\u00a0<\/em><\/p>\n<p>&nbsp;<\/p>\n<p>&nbsp;<\/p>\n<p>&nbsp;<\/p>\n<p>&nbsp;<\/p>\n<p>&nbsp;<\/p>\n<p>&nbsp;<\/p>\n<p>&nbsp;<\/p>\n","protected":false},"excerpt":{"rendered":"<p>Benjamin, Carla, C\u00e9dric et Jade, sont convoqu\u00e9s \u00e0 Montr\u00e9al dans le cadre de la succession de Denise, une myst\u00e9rieuse grand-m\u00e8re, dont, jusqu\u2019\u00e0 ce jour, ils ignoraient totalement l\u2019existence Denise est leur seul lien, car ils n\u2019appartiennent pas au m\u00eame monde, \u00e9ducation, milieu social et ambitions, tous les s\u00e9parent. Cet h\u00e9ritage va leur apprendre \u00e0 mieux se conna\u00eetre et va r\u00e9v\u00e9ler des secrets qui vont bouleverser leurs comportements. Ils vont rencontrer Aiyana, une Indienne de la nation algonquine, qui va leur&#8230;<\/p>\n<p class=\"read-more\"><a class=\"btn btn-default\" href=\"https:\/\/leseditionsduvignoble.com\/index.php\/produit\/je-reviendrai-a-montreal\/\">Lire la suite<span class=\"screen-reader-text\"> Lire la suite<\/span><\/a><\/p>\n","protected":false},"featured_media":517,"comment_status":"open","ping_status":"closed","template":"","meta":{"_monsterinsights_skip_tracking":false,"_monsterinsights_sitenote_active":false,"_monsterinsights_sitenote_note":"","_monsterinsights_sitenote_category":0},"product_brand":[],"product_cat":[19],"product_tag":[],"class_list":{"0":"post-526","1":"product","2":"type-product","3":"status-publish","4":"has-post-thumbnail","6":"product_cat-boutique-en-ligne","8":"first","9":"instock","10":"shipping-taxable","11":"purchasable","12":"product-type-simple"},"_links":{"self":[{"href":"https:\/\/leseditionsduvignoble.com\/index.php\/wp-json\/wp\/v2\/product\/526","targetHints":{"allow":["GET"]}}],"collection":[{"href":"https:\/\/leseditionsduvignoble.com\/index.php\/wp-json\/wp\/v2\/product"}],"about":[{"href":"https:\/\/leseditionsduvignoble.com\/index.php\/wp-json\/wp\/v2\/types\/product"}],"replies":[{"embeddable":true,"href":"https:\/\/leseditionsduvignoble.com\/index.php\/wp-json\/wp\/v2\/comments?post=526"}],"wp:featuredmedia":[{"embeddable":true,"href":"https:\/\/leseditionsduvignoble.com\/index.php\/wp-json\/wp\/v2\/media\/517"}],"wp:attachment":[{"href":"https:\/\/leseditionsduvignoble.com\/index.php\/wp-json\/wp\/v2\/media?parent=526"}],"wp:term":[{"taxonomy":"product_brand","embeddable":true,"href":"https:\/\/leseditionsduvignoble.com\/index.php\/wp-json\/wp\/v2\/product_brand?post=526"},{"taxonomy":"product_cat","embeddable":true,"href":"https:\/\/leseditionsduvignoble.com\/index.php\/wp-json\/wp\/v2\/product_cat?post=526"},{"taxonomy":"product_tag","embeddable":true,"href":"https:\/\/leseditionsduvignoble.com\/index.php\/wp-json\/wp\/v2\/product_tag?post=526"}],"curies":[{"name":"wp","href":"https:\/\/api.w.org\/{rel}","templated":true}]}}