{"id":416,"date":"2022-06-14T09:10:46","date_gmt":"2022-06-14T07:10:46","guid":{"rendered":"https:\/\/leseditionsduvignoble.com\/?post_type=product&#038;p=416"},"modified":"2022-06-23T14:50:38","modified_gmt":"2022-06-23T12:50:38","slug":"avec-qui-revoir-venise","status":"publish","type":"product","link":"https:\/\/leseditionsduvignoble.com\/index.php\/produit\/avec-qui-revoir-venise\/","title":{"rendered":"Avec qui revoir Venise ?"},"content":{"rendered":"<p>Lise s&rsquo;interroge sur l&rsquo;\u00e9chec de son couple. Tout avait si bien commenc\u00e9, mais ce voyage \u00e0 Venise v\u00e9cu comme un conte de f\u00e9es, ne fut finalement qu&rsquo;un mirage. \u00ab\u00a0\u00c0 quel instant son couple avait-il d\u00e9raill\u00e9 ? Y avait-il un \u00e9v\u00e9nement particulier, un incident, un conflit d\u00e9clencheur, ou bien \u00e9tait-ce seulement sa perception des choses qui, au fil des mois, s&rsquo;\u00e9tait modifi\u00e9e ? Ce qu&rsquo;elle trouvait acceptable au d\u00e9but de son mariage, maintenant ne l&rsquo;\u00e9tait plus. D&rsquo;o\u00f9 provenait ce changement? D&rsquo;elle ? De son mari ? ou des autres ? Que c&rsquo;\u00e9tait-il pass\u00e9 ? Elle avait besoin de savoir et elle en avait le moyen : relire son journal intime.\u00a0\u00bb<\/p>\n<p>Matthieu, quant \u00e0 lui, apr\u00e8s huit ans d&rsquo;arm\u00e9e au plus pr\u00e8s des conflits terroristes du Sahel, est de retour \u00e0 Marseille, l\u00e0 o\u00f9 il a grandi, l\u00e0 o\u00f9 il a aim\u00e9. Une nouvelle vie commence pour lui. Il va tenter de panser ses blessures et chasser les images qui hantent ses nuits. Mais r\u00f4de encore dans cette ville le souvenir d&rsquo;Elsa, myst\u00e9rieusement disparue sans laisser de trace.<\/p>\n","protected":false},"excerpt":{"rendered":"<p>Notre destin\u00e9e n\u2019est faite que de rencontres, c\u2019est ce dont ce livre tente de nous convaincre.<\/p>\n<p>Deux vies parall\u00e8les dans lesquelles se croisent secrets et non-dits, o\u00f9 les rencontres ne sont pas le seul fruit du hasard, o\u00f9 le pass\u00e9 est plus incertain que l\u2019avenir.<\/p>\n","protected":false},"featured_media":395,"comment_status":"open","ping_status":"closed","template":"","meta":{"_monsterinsights_skip_tracking":false,"_monsterinsights_sitenote_active":false,"_monsterinsights_sitenote_note":"","_monsterinsights_sitenote_category":0},"product_brand":[],"product_cat":[19],"product_tag":[],"class_list":{"0":"post-416","1":"product","2":"type-product","3":"status-publish","4":"has-post-thumbnail","6":"product_cat-boutique-en-ligne","8":"first","9":"instock","10":"shipping-taxable","11":"purchasable","12":"product-type-simple"},"_links":{"self":[{"href":"https:\/\/leseditionsduvignoble.com\/index.php\/wp-json\/wp\/v2\/product\/416","targetHints":{"allow":["GET"]}}],"collection":[{"href":"https:\/\/leseditionsduvignoble.com\/index.php\/wp-json\/wp\/v2\/product"}],"about":[{"href":"https:\/\/leseditionsduvignoble.com\/index.php\/wp-json\/wp\/v2\/types\/product"}],"replies":[{"embeddable":true,"href":"https:\/\/leseditionsduvignoble.com\/index.php\/wp-json\/wp\/v2\/comments?post=416"}],"wp:featuredmedia":[{"embeddable":true,"href":"https:\/\/leseditionsduvignoble.com\/index.php\/wp-json\/wp\/v2\/media\/395"}],"wp:attachment":[{"href":"https:\/\/leseditionsduvignoble.com\/index.php\/wp-json\/wp\/v2\/media?parent=416"}],"wp:term":[{"taxonomy":"product_brand","embeddable":true,"href":"https:\/\/leseditionsduvignoble.com\/index.php\/wp-json\/wp\/v2\/product_brand?post=416"},{"taxonomy":"product_cat","embeddable":true,"href":"https:\/\/leseditionsduvignoble.com\/index.php\/wp-json\/wp\/v2\/product_cat?post=416"},{"taxonomy":"product_tag","embeddable":true,"href":"https:\/\/leseditionsduvignoble.com\/index.php\/wp-json\/wp\/v2\/product_tag?post=416"}],"curies":[{"name":"wp","href":"https:\/\/api.w.org\/{rel}","templated":true}]}}