{"id":388,"date":"2022-04-03T11:34:58","date_gmt":"2022-04-03T09:34:58","guid":{"rendered":"https:\/\/leseditionsduvignoble.com\/?post_type=product&#038;p=388"},"modified":"2022-06-23T14:49:31","modified_gmt":"2022-06-23T12:49:31","slug":"exils-en-sol-mineur","status":"publish","type":"product","link":"https:\/\/leseditionsduvignoble.com\/index.php\/produit\/exils-en-sol-mineur\/","title":{"rendered":"Exils en sol mineur"},"content":{"rendered":"<p>Paco, musicien de talent doit fuir l\u2019Espagne en guerre, exil\u00e9 en France, comme nombre de ses compatriotes, le voil\u00e0 ouvrier agricole et charbonnier dans une for\u00eat morvandelle, sans liens possibles avec les siens et la musique. Doit-il tenter au p\u00e9ril de sa vie de renouer avec son pass\u00e9 ou s\u2019inventer une nouvelle vie ? Apr\u00e8s bien des \u00e9preuves, il comprendra que c\u2019est en soi que l\u2019on trouve les ressources n\u00e9cessaires pour renouer avec une vie respectable, digne de ses id\u00e9aux.<\/p>\n<p>&nbsp;<\/p>\n","protected":false},"excerpt":{"rendered":"<p>L\u2019auteur, n\u00e9 dans cette Bourgogne morvandelle qu\u2019il a \u00e9voqu\u00e9e dans plusieurs de ses livres, a conserv\u00e9 un attachement inn\u00e9 \u00e0 l\u2019Espagne, pays de ses racines familiales. Elles ont inspir\u00e9 ce r\u00e9cit.<\/p>\n","protected":false},"featured_media":377,"comment_status":"open","ping_status":"closed","template":"","meta":{"_monsterinsights_skip_tracking":false,"_monsterinsights_sitenote_active":false,"_monsterinsights_sitenote_note":"","_monsterinsights_sitenote_category":0},"product_brand":[],"product_cat":[19],"product_tag":[],"class_list":{"0":"post-388","1":"product","2":"type-product","3":"status-publish","4":"has-post-thumbnail","6":"product_cat-boutique-en-ligne","8":"first","9":"instock","10":"shipping-taxable","11":"purchasable","12":"product-type-simple"},"_links":{"self":[{"href":"https:\/\/leseditionsduvignoble.com\/index.php\/wp-json\/wp\/v2\/product\/388","targetHints":{"allow":["GET"]}}],"collection":[{"href":"https:\/\/leseditionsduvignoble.com\/index.php\/wp-json\/wp\/v2\/product"}],"about":[{"href":"https:\/\/leseditionsduvignoble.com\/index.php\/wp-json\/wp\/v2\/types\/product"}],"replies":[{"embeddable":true,"href":"https:\/\/leseditionsduvignoble.com\/index.php\/wp-json\/wp\/v2\/comments?post=388"}],"wp:featuredmedia":[{"embeddable":true,"href":"https:\/\/leseditionsduvignoble.com\/index.php\/wp-json\/wp\/v2\/media\/377"}],"wp:attachment":[{"href":"https:\/\/leseditionsduvignoble.com\/index.php\/wp-json\/wp\/v2\/media?parent=388"}],"wp:term":[{"taxonomy":"product_brand","embeddable":true,"href":"https:\/\/leseditionsduvignoble.com\/index.php\/wp-json\/wp\/v2\/product_brand?post=388"},{"taxonomy":"product_cat","embeddable":true,"href":"https:\/\/leseditionsduvignoble.com\/index.php\/wp-json\/wp\/v2\/product_cat?post=388"},{"taxonomy":"product_tag","embeddable":true,"href":"https:\/\/leseditionsduvignoble.com\/index.php\/wp-json\/wp\/v2\/product_tag?post=388"}],"curies":[{"name":"wp","href":"https:\/\/api.w.org\/{rel}","templated":true}]}}