{"id":281,"date":"2020-12-15T10:09:26","date_gmt":"2020-12-15T09:09:26","guid":{"rendered":"https:\/\/leseditionsduvignoble.com\/?post_type=product&#038;p=281"},"modified":"2025-01-20T10:20:26","modified_gmt":"2025-01-20T09:20:26","slug":"fleurs-de-vignes","status":"publish","type":"product","link":"https:\/\/leseditionsduvignoble.com\/index.php\/produit\/fleurs-de-vignes\/","title":{"rendered":"Fleurs de Vignes"},"content":{"rendered":"<p>Onze courtes nouvelles in\u00e9dites, \u00e9crites pour vous par onze \u00e9crivains d\u00e9sireux de montrer, en participant \u00e0 ce livre exceptionnel, leur soutien \u00e0 \u00ab\u00a0Livres en Vignes \u00a0\u00bb<\/p>\n<p>Ce petit bijou litt\u00e9raire a \u00e9t\u00e9 fa\u00e7onn\u00e9 rien que pour vous : il est un lien entre les auteurs, les \u00e9diteurs et tous ceux qui font en sorte que, chaque ann\u00e9e, le ch\u00e2teau du Clos de Vougeot accueille une vraie f\u00eate du talent, de l\u2019amiti\u00e9 et du plaisir de lire.<\/p>\n<p>Publication des \u00ab\u00a0Amis de Livres en Vignes\u00a0\u00bb<\/p>\n","protected":false},"excerpt":{"rendered":"<p>Recueil de nouvelles in\u00e9dites, publi\u00e9 par les \u00ab\u00a0amis de Livres en Vignes\u00a0\u00bb<\/p>\n<p>Un ouvrage collectif \u00e9crit par onze auteurs en soutien au salon \u00ab\u00a0Livres en Vignes\u00a0\u00bb qui se tient tous les ans au ch\u00e2teau du Clos de Vougeot.<\/p>\n<p>Auteurs :<\/p>\n<p>J\u00e9r\u00f4me Attal,<\/p>\n<p>Laurent B\u00e9n\u00e9gui,<\/p>\n<p>Philippe Besson,<\/p>\n<p>Jean-Paul Delfino,<\/p>\n<p>Lucette Desvignes,<\/p>\n<p>Lorraine Fouchet,<\/p>\n<p>ErwanLarher,<\/p>\n<p>Michel Quint,<\/p>\n<p>Michel Rederon,<\/p>\n<p>Maud Tabachnik,<\/p>\n<p>Denis Tillinac<\/p>\n","protected":false},"featured_media":326,"comment_status":"open","ping_status":"closed","template":"","meta":{"_monsterinsights_skip_tracking":false,"_monsterinsights_sitenote_active":false,"_monsterinsights_sitenote_note":"","_monsterinsights_sitenote_category":0},"product_brand":[],"product_cat":[19],"product_tag":[],"class_list":{"0":"post-281","1":"product","2":"type-product","3":"status-publish","4":"has-post-thumbnail","6":"product_cat-boutique-en-ligne","8":"first","9":"instock","10":"sold-individually","11":"shipping-taxable","12":"purchasable","13":"product-type-simple"},"_links":{"self":[{"href":"https:\/\/leseditionsduvignoble.com\/index.php\/wp-json\/wp\/v2\/product\/281","targetHints":{"allow":["GET"]}}],"collection":[{"href":"https:\/\/leseditionsduvignoble.com\/index.php\/wp-json\/wp\/v2\/product"}],"about":[{"href":"https:\/\/leseditionsduvignoble.com\/index.php\/wp-json\/wp\/v2\/types\/product"}],"replies":[{"embeddable":true,"href":"https:\/\/leseditionsduvignoble.com\/index.php\/wp-json\/wp\/v2\/comments?post=281"}],"wp:featuredmedia":[{"embeddable":true,"href":"https:\/\/leseditionsduvignoble.com\/index.php\/wp-json\/wp\/v2\/media\/326"}],"wp:attachment":[{"href":"https:\/\/leseditionsduvignoble.com\/index.php\/wp-json\/wp\/v2\/media?parent=281"}],"wp:term":[{"taxonomy":"product_brand","embeddable":true,"href":"https:\/\/leseditionsduvignoble.com\/index.php\/wp-json\/wp\/v2\/product_brand?post=281"},{"taxonomy":"product_cat","embeddable":true,"href":"https:\/\/leseditionsduvignoble.com\/index.php\/wp-json\/wp\/v2\/product_cat?post=281"},{"taxonomy":"product_tag","embeddable":true,"href":"https:\/\/leseditionsduvignoble.com\/index.php\/wp-json\/wp\/v2\/product_tag?post=281"}],"curies":[{"name":"wp","href":"https:\/\/api.w.org\/{rel}","templated":true}]}}