{"id":274,"date":"2020-09-17T09:05:53","date_gmt":"2020-09-17T07:05:53","guid":{"rendered":"https:\/\/leseditionsduvignoble.com\/?post_type=product&#038;p=274"},"modified":"2022-06-23T14:51:07","modified_gmt":"2022-06-23T12:51:07","slug":"parlons-nous-damour","status":"publish","type":"product","link":"https:\/\/leseditionsduvignoble.com\/index.php\/produit\/parlons-nous-damour\/","title":{"rendered":"Parlons-nous d&rsquo;amour&#8230;"},"content":{"rendered":"<p>Parlez-moind&rsquo;amour, redites-moi des choses tendres ! &#8230; dit la chanson, vieille scie \u00e9cul\u00e9e ? Th\u00e8me rebattu? \u00a0In\u00e9puisable plut\u00f4t !<\/p>\n","protected":false},"excerpt":{"rendered":"<div class=\"page\" title=\"Page 1\">\n<div class=\"section\">\n<div class=\"layoutArea\">\n<div class=\"column\">\n<p>D\u00e9clinant l\u2019ordre \u00e9tabli par les philosophes grecs, ces nouvelles, tout en respectant ses codes, n\u2019ont d\u2019autre ambition que de distraire et faire sourire \u00e0 ses emb\u00fbches. Elles tentent toutefois de d\u00e9montrer que, si virus de l\u2019amour il y a, il est souhaitable de s\u2019en laisser contaminer&#8230; quelles qu\u2019en soient les cons\u00e9quences.<\/p>\n<p><b>\u00a0<\/b><\/p>\n<\/div>\n<\/div>\n<\/div>\n<\/div>\n","protected":false},"featured_media":267,"comment_status":"open","ping_status":"closed","template":"","meta":{"_monsterinsights_skip_tracking":false,"_monsterinsights_sitenote_active":false,"_monsterinsights_sitenote_note":"","_monsterinsights_sitenote_category":0},"product_brand":[],"product_cat":[19],"product_tag":[],"class_list":{"0":"post-274","1":"product","2":"type-product","3":"status-publish","4":"has-post-thumbnail","6":"product_cat-boutique-en-ligne","8":"first","9":"instock","10":"shipping-taxable","11":"purchasable","12":"product-type-simple"},"_links":{"self":[{"href":"https:\/\/leseditionsduvignoble.com\/index.php\/wp-json\/wp\/v2\/product\/274","targetHints":{"allow":["GET"]}}],"collection":[{"href":"https:\/\/leseditionsduvignoble.com\/index.php\/wp-json\/wp\/v2\/product"}],"about":[{"href":"https:\/\/leseditionsduvignoble.com\/index.php\/wp-json\/wp\/v2\/types\/product"}],"replies":[{"embeddable":true,"href":"https:\/\/leseditionsduvignoble.com\/index.php\/wp-json\/wp\/v2\/comments?post=274"}],"wp:featuredmedia":[{"embeddable":true,"href":"https:\/\/leseditionsduvignoble.com\/index.php\/wp-json\/wp\/v2\/media\/267"}],"wp:attachment":[{"href":"https:\/\/leseditionsduvignoble.com\/index.php\/wp-json\/wp\/v2\/media?parent=274"}],"wp:term":[{"taxonomy":"product_brand","embeddable":true,"href":"https:\/\/leseditionsduvignoble.com\/index.php\/wp-json\/wp\/v2\/product_brand?post=274"},{"taxonomy":"product_cat","embeddable":true,"href":"https:\/\/leseditionsduvignoble.com\/index.php\/wp-json\/wp\/v2\/product_cat?post=274"},{"taxonomy":"product_tag","embeddable":true,"href":"https:\/\/leseditionsduvignoble.com\/index.php\/wp-json\/wp\/v2\/product_tag?post=274"}],"curies":[{"name":"wp","href":"https:\/\/api.w.org\/{rel}","templated":true}]}}