{"id":257,"date":"2020-09-14T11:14:39","date_gmt":"2020-09-14T09:14:39","guid":{"rendered":"https:\/\/leseditionsduvignoble.com\/?post_type=product&#038;p=257"},"modified":"2024-07-16T15:39:19","modified_gmt":"2024-07-16T13:39:19","slug":"une-trace-dorient","status":"publish","type":"product","link":"https:\/\/leseditionsduvignoble.com\/index.php\/produit\/une-trace-dorient\/","title":{"rendered":"Une Trace d&rsquo;Orient"},"content":{"rendered":"<p>Jeune romancier en mal de reconnaissance, Julien se voit proposer par Yohanna dont il vient tout juste de faire la connais- sance, d\u2019\u00e9crire la biographie d\u2019un homme, amateur d\u2019antiquit\u00e9s orientales, dont la vie aventureuse et romanesque suscite \u00e0 la fois sa crainte et sa curiosit\u00e9. Julien accepte mais rapidement, d\u00e9couvre que l\u2019une et l\u2019autre le manipulent. De ce jeu de dupes, personne ne sortira indemne&#8230; Ce livre entra\u00eene le lecteur de l\u2019Alg\u00e9rie au Moyen-Orient, au c\u0153ur d\u2019\u00e9v\u00e9nements qui r\u00e9sonnent encore en nous actuellement. La fiction se m\u00eale intimement \u00e0 la grande Histoire et trouvera son d\u00e9nouement dans la mythique cit\u00e9 de Palmyre.<\/p>\n<p>&nbsp;<\/p>\n","protected":false},"excerpt":{"rendered":"<div class=\"page\" title=\"Page 1\">\n<div class=\"section\">\n<div class=\"layoutArea\">\n<div class=\"column\">\n<p>\u00a0\u00a0 \u00ab\u00a0Aux premi\u00e8res lueurs de l\u2019aube, je suis mont\u00e9 dans ma voiture et j\u2019ai repris la route de Damas&#8230; L\u2019image d\u2019une silhouette, flout\u00e9e par les tourbillons de sable arrach\u00e9s \u00e0 la piste, s\u2019\u00e9tait inscrite quelques secondes sur mon r\u00e9troviseur, puis s\u2019\u00e9tait effac\u00e9e. C\u2019\u00e9tait \u00e0 cet instant que j\u2019avais r\u00e9alis\u00e9 que je ne savais m\u00eame pas le pr\u00e9nom de cette femme, alors je lui en avais donn\u00e9 un, pour moi, et pour le restant de ma vie elle s\u2019appellerait Le\u00efla, ce qui en arabe signifie \u00ab\u00a0n\u00e9e pendant la nuit\u00a0\u00bb<\/p>\n<\/div>\n<\/div>\n<\/div>\n<\/div>\n","protected":false},"featured_media":253,"comment_status":"open","ping_status":"closed","template":"","meta":{"_monsterinsights_skip_tracking":false,"_monsterinsights_sitenote_active":false,"_monsterinsights_sitenote_note":"","_monsterinsights_sitenote_category":0},"product_brand":[],"product_cat":[19],"product_tag":[],"class_list":{"0":"post-257","1":"product","2":"type-product","3":"status-publish","4":"has-post-thumbnail","6":"product_cat-boutique-en-ligne","8":"first","9":"instock","10":"shipping-taxable","11":"purchasable","12":"product-type-simple"},"_links":{"self":[{"href":"https:\/\/leseditionsduvignoble.com\/index.php\/wp-json\/wp\/v2\/product\/257","targetHints":{"allow":["GET"]}}],"collection":[{"href":"https:\/\/leseditionsduvignoble.com\/index.php\/wp-json\/wp\/v2\/product"}],"about":[{"href":"https:\/\/leseditionsduvignoble.com\/index.php\/wp-json\/wp\/v2\/types\/product"}],"replies":[{"embeddable":true,"href":"https:\/\/leseditionsduvignoble.com\/index.php\/wp-json\/wp\/v2\/comments?post=257"}],"wp:featuredmedia":[{"embeddable":true,"href":"https:\/\/leseditionsduvignoble.com\/index.php\/wp-json\/wp\/v2\/media\/253"}],"wp:attachment":[{"href":"https:\/\/leseditionsduvignoble.com\/index.php\/wp-json\/wp\/v2\/media?parent=257"}],"wp:term":[{"taxonomy":"product_brand","embeddable":true,"href":"https:\/\/leseditionsduvignoble.com\/index.php\/wp-json\/wp\/v2\/product_brand?post=257"},{"taxonomy":"product_cat","embeddable":true,"href":"https:\/\/leseditionsduvignoble.com\/index.php\/wp-json\/wp\/v2\/product_cat?post=257"},{"taxonomy":"product_tag","embeddable":true,"href":"https:\/\/leseditionsduvignoble.com\/index.php\/wp-json\/wp\/v2\/product_tag?post=257"}],"curies":[{"name":"wp","href":"https:\/\/api.w.org\/{rel}","templated":true}]}}