{"id":22,"date":"2019-08-29T14:48:45","date_gmt":"2019-08-29T12:48:45","guid":{"rendered":"http:\/\/leseditionsduvignoble.com\/?post_type=product&#038;p=22"},"modified":"2023-08-01T01:14:33","modified_gmt":"2023-07-31T23:14:33","slug":"bonaventure","status":"publish","type":"product","link":"https:\/\/leseditionsduvignoble.com\/index.php\/produit\/bonaventure\/","title":{"rendered":"Bonaventure, Marguerite et quelques autres\u2026"},"content":{"rendered":"<p>Sous l&rsquo;\u00e9gide de Fran\u00e7ois 1er et de sa soeur Marguerite de Navarre, fervents de Renaissance italienne et de la red\u00e9couverte des penseurs grecs et latins tous les arts s&rsquo;\u00e9panouissent au XVI\u00e8me si\u00e8cle. Ils supplantent d\u00e9finitivement ceux qui orn\u00e8rent le mill\u00e9naire de la civilisation m\u00e9di\u00e9vale. Nombre de po\u00e8tes et conteurs inventent et affinent une langue d\u00e9barrass\u00e9e de ses archa\u00efsmes, l\u00e9g\u00e8re et pr\u00e9cise, voire truculente. Certains noms &#8211; Marot, Rabelais, Louise Lab\u00e9 &#8211; traverseront les si\u00e8cles. D&rsquo;autres, pourtant aussi c\u00e9l\u00e8bres alors, tomberont dans l&rsquo;oubli. Bonaventure Des P\u00e9riers fut de ceux l\u00e0. Pourtant il fut un grand \u00e9rudit, fin rimeur, adulant sa muse Marguerite de Navarre, \u00ab\u00a0la perle des perles\u00a0\u00bb. Sa vie sera une aventure litt\u00e9raire et sociale riche mais tourment\u00e9e. Br\u00e8ve, elle se terminera en trag\u00e9die.<\/p>\n<p>Apr\u00e8s avoir fait revivre po\u00e8tes et trouv\u00e8res m\u00e9di\u00e9vaux, Ignacio Catalan imagine le parcours, les \u00e9motions et le destin du po\u00e8te bourguignon dans ce contexte culturel foisonnant.<\/p>\n","protected":false},"excerpt":{"rendered":"<p>Sous l&rsquo;\u00e9gide de Fran\u00e7ois 1er et de sa soeur Marguerite de Navarre, fervents de Renaissance italienne et de la red\u00e9couverte des penseurs grecs et latins tous les arts s&rsquo;\u00e9panouissent au XVI\u00e8me si\u00e8cle. Ils supplantent d\u00e9finitivement ceux qui orn\u00e8rent le mill\u00e9naire de la civilisation m\u00e9di\u00e9vale. Nombre de po\u00e8tes et conteurs inventent et affinent une langue d\u00e9barrass\u00e9e de ses archa\u00efsmes, l\u00e9g\u00e8re et pr\u00e9cise, voire truculente. Certains noms &#8211; Marot, Rabelais, Louise Lab\u00e9 &#8211; traverseront les si\u00e8cles. D&rsquo;autres, pourtant aussi c\u00e9l\u00e8bres alors, tomberont&#8230;<\/p>\n<p class=\"read-more\"><a class=\"btn btn-default\" href=\"https:\/\/leseditionsduvignoble.com\/index.php\/produit\/bonaventure\/\">Lire la suite<span class=\"screen-reader-text\"> Lire la suite<\/span><\/a><\/p>\n","protected":false},"featured_media":169,"comment_status":"open","ping_status":"closed","template":"","meta":{"_monsterinsights_skip_tracking":false,"_monsterinsights_sitenote_active":false,"_monsterinsights_sitenote_note":"","_monsterinsights_sitenote_category":0},"product_brand":[],"product_cat":[19],"product_tag":[],"class_list":{"0":"post-22","1":"product","2":"type-product","3":"status-publish","4":"has-post-thumbnail","6":"product_cat-boutique-en-ligne","8":"first","9":"instock","10":"shipping-taxable","11":"purchasable","12":"product-type-simple"},"_links":{"self":[{"href":"https:\/\/leseditionsduvignoble.com\/index.php\/wp-json\/wp\/v2\/product\/22","targetHints":{"allow":["GET"]}}],"collection":[{"href":"https:\/\/leseditionsduvignoble.com\/index.php\/wp-json\/wp\/v2\/product"}],"about":[{"href":"https:\/\/leseditionsduvignoble.com\/index.php\/wp-json\/wp\/v2\/types\/product"}],"replies":[{"embeddable":true,"href":"https:\/\/leseditionsduvignoble.com\/index.php\/wp-json\/wp\/v2\/comments?post=22"}],"wp:featuredmedia":[{"embeddable":true,"href":"https:\/\/leseditionsduvignoble.com\/index.php\/wp-json\/wp\/v2\/media\/169"}],"wp:attachment":[{"href":"https:\/\/leseditionsduvignoble.com\/index.php\/wp-json\/wp\/v2\/media?parent=22"}],"wp:term":[{"taxonomy":"product_brand","embeddable":true,"href":"https:\/\/leseditionsduvignoble.com\/index.php\/wp-json\/wp\/v2\/product_brand?post=22"},{"taxonomy":"product_cat","embeddable":true,"href":"https:\/\/leseditionsduvignoble.com\/index.php\/wp-json\/wp\/v2\/product_cat?post=22"},{"taxonomy":"product_tag","embeddable":true,"href":"https:\/\/leseditionsduvignoble.com\/index.php\/wp-json\/wp\/v2\/product_tag?post=22"}],"curies":[{"name":"wp","href":"https:\/\/api.w.org\/{rel}","templated":true}]}}