{"id":191,"date":"2019-10-05T10:26:07","date_gmt":"2019-10-05T08:26:07","guid":{"rendered":"https:\/\/leseditionsduvignoble.com\/?post_type=product&#038;p=191"},"modified":"2024-07-16T15:39:23","modified_gmt":"2024-07-16T13:39:23","slug":"femmes-que-jaime","status":"publish","type":"product","link":"https:\/\/leseditionsduvignoble.com\/index.php\/produit\/femmes-que-jaime\/","title":{"rendered":"Femmes que j&rsquo;aime"},"content":{"rendered":"<p>&nbsp;<\/p>\n<p>Treize nouvelles, graves ou l\u00e9g\u00e8res, courtes tranches de vie dont ces \u00ab\u00a0Femmes \u00a0que j&rsquo;aime \u00a0\u00bb sont les h\u00e9ro\u00efnes ou les inspiratrices.\u00a0Ces nouvelles \u00e9voquent les rapports entre la nature et les hommes, la po\u00e9sie d&rsquo;un ciel \u00e9toil\u00e9 ou celle de Baudelaire, et la richesse de toutes ces rencontres qui bouleversent notre quotidien, comme celles avec Virginia Woolf ou l&rsquo;Antigone de Jean Anouilh.<\/p>\n","protected":false},"excerpt":{"rendered":"<p>&nbsp;<\/p>\n<p>\u00ab\u00a0Tu sais, tout le monde ne meurt pas d&rsquo;amour ! Heureusement nous ne sommes pas toutes des h\u00e9ro\u00efnes de Tolstoi et les ruptures ne conduisent pas obligatoirement les femmes sous les trains. Bien s\u00fbr que tu as aim\u00e9&#8230; et tu aimeras encore, pour peu que tu t&rsquo;en donnes la peine. Mais secoue toi un peu, il faut aider le destin&#8230;\u00a0\u00bb<\/p>\n","protected":false},"featured_media":172,"comment_status":"open","ping_status":"closed","template":"","meta":{"_monsterinsights_skip_tracking":false,"_monsterinsights_sitenote_active":false,"_monsterinsights_sitenote_note":"","_monsterinsights_sitenote_category":0},"product_brand":[],"product_cat":[19],"product_tag":[],"class_list":{"0":"post-191","1":"product","2":"type-product","3":"status-publish","4":"has-post-thumbnail","6":"product_cat-boutique-en-ligne","8":"first","9":"instock","10":"shipping-taxable","11":"purchasable","12":"product-type-simple"},"_links":{"self":[{"href":"https:\/\/leseditionsduvignoble.com\/index.php\/wp-json\/wp\/v2\/product\/191","targetHints":{"allow":["GET"]}}],"collection":[{"href":"https:\/\/leseditionsduvignoble.com\/index.php\/wp-json\/wp\/v2\/product"}],"about":[{"href":"https:\/\/leseditionsduvignoble.com\/index.php\/wp-json\/wp\/v2\/types\/product"}],"replies":[{"embeddable":true,"href":"https:\/\/leseditionsduvignoble.com\/index.php\/wp-json\/wp\/v2\/comments?post=191"}],"wp:featuredmedia":[{"embeddable":true,"href":"https:\/\/leseditionsduvignoble.com\/index.php\/wp-json\/wp\/v2\/media\/172"}],"wp:attachment":[{"href":"https:\/\/leseditionsduvignoble.com\/index.php\/wp-json\/wp\/v2\/media?parent=191"}],"wp:term":[{"taxonomy":"product_brand","embeddable":true,"href":"https:\/\/leseditionsduvignoble.com\/index.php\/wp-json\/wp\/v2\/product_brand?post=191"},{"taxonomy":"product_cat","embeddable":true,"href":"https:\/\/leseditionsduvignoble.com\/index.php\/wp-json\/wp\/v2\/product_cat?post=191"},{"taxonomy":"product_tag","embeddable":true,"href":"https:\/\/leseditionsduvignoble.com\/index.php\/wp-json\/wp\/v2\/product_tag?post=191"}],"curies":[{"name":"wp","href":"https:\/\/api.w.org\/{rel}","templated":true}]}}