{"id":166,"date":"2019-08-22T11:00:39","date_gmt":"2019-08-22T09:00:39","guid":{"rendered":"https:\/\/leseditionsduvignoble.com\/?post_type=product&#038;p=166"},"modified":"2022-06-23T14:53:39","modified_gmt":"2022-06-23T12:53:39","slug":"et-mon-nom-est-rutebeuf","status":"publish","type":"product","link":"https:\/\/leseditionsduvignoble.com\/index.php\/produit\/et-mon-nom-est-rutebeuf\/","title":{"rendered":"Et mon nom est Rutebeuf"},"content":{"rendered":"<p>En ce XIII \u00e8 si\u00e8cle, la France se b\u00e2tit avec Philippe Auguste, Saint Louis et Philippe le Bel. Notre langue se dessine, encore inf\u00e9od\u00e9e au latin, confront\u00e9e aux r\u00e9gionalismes tenaces. Ce parler, les po\u00e8tes l\u2019inventent, les trouv\u00e8res le colportent. Le si\u00e8cle les inspire, les rigueurs du temps humanisent leurs th\u00e8mes, les cr\u00e9dibilisent.<\/p>\n<p>L\u2019un d\u2019eux par son style novateur et ses \u00ab\u00a0dits\u00a0\u00bb audacieux, va activement contribuer \u00e0 offrir une langue \u00e0 ce jeune Etat. Nous le suivons dans les p\u00e9rip\u00e9ties de sa vie chaotique et aventureuse jusqu\u2019\u00e0 ce qu\u2019il trouve la paix int\u00e9rieure.<\/p>\n<p>Entre Paris, Champagne et Bourgogne, une \u00e9pop\u00e9e humaine, historique et po\u00e9tique au c\u0153ur du Moyen-\u00e2ge.<\/p>\n","protected":false},"excerpt":{"rendered":"<p>En ce XIII \u00e8 si\u00e8cle, la France se b\u00e2tit avec Philippe Auguste, Saint Louis et Philippe le Bel. Notre langue se dessine, encore inf\u00e9od\u00e9e au latin, confront\u00e9e aux r\u00e9gionalismes tenaces. Ce parler, les po\u00e8tes l\u2019inventent, les trouv\u00e8res le colportent. Le si\u00e8cle les inspire, les rigueurs du temps humanisent leurs th\u00e8mes, les cr\u00e9dibilisent. L\u2019un d\u2019eux par son style novateur et ses \u00ab\u00a0dits\u00a0\u00bb audacieux, va activement contribuer \u00e0 offrir une langue \u00e0 ce jeune Etat. Nous le suivons dans les p\u00e9rip\u00e9ties de&#8230;<\/p>\n<p class=\"read-more\"><a class=\"btn btn-default\" href=\"https:\/\/leseditionsduvignoble.com\/index.php\/produit\/et-mon-nom-est-rutebeuf\/\">Lire la suite<span class=\"screen-reader-text\"> Lire la suite<\/span><\/a><\/p>\n","protected":false},"featured_media":162,"comment_status":"open","ping_status":"closed","template":"","meta":{"_monsterinsights_skip_tracking":false,"_monsterinsights_sitenote_active":false,"_monsterinsights_sitenote_note":"","_monsterinsights_sitenote_category":0},"product_brand":[],"product_cat":[19],"product_tag":[],"class_list":{"0":"post-166","1":"product","2":"type-product","3":"status-publish","4":"has-post-thumbnail","6":"product_cat-boutique-en-ligne","8":"first","9":"instock","10":"shipping-taxable","11":"purchasable","12":"product-type-simple"},"_links":{"self":[{"href":"https:\/\/leseditionsduvignoble.com\/index.php\/wp-json\/wp\/v2\/product\/166","targetHints":{"allow":["GET"]}}],"collection":[{"href":"https:\/\/leseditionsduvignoble.com\/index.php\/wp-json\/wp\/v2\/product"}],"about":[{"href":"https:\/\/leseditionsduvignoble.com\/index.php\/wp-json\/wp\/v2\/types\/product"}],"replies":[{"embeddable":true,"href":"https:\/\/leseditionsduvignoble.com\/index.php\/wp-json\/wp\/v2\/comments?post=166"}],"wp:featuredmedia":[{"embeddable":true,"href":"https:\/\/leseditionsduvignoble.com\/index.php\/wp-json\/wp\/v2\/media\/162"}],"wp:attachment":[{"href":"https:\/\/leseditionsduvignoble.com\/index.php\/wp-json\/wp\/v2\/media?parent=166"}],"wp:term":[{"taxonomy":"product_brand","embeddable":true,"href":"https:\/\/leseditionsduvignoble.com\/index.php\/wp-json\/wp\/v2\/product_brand?post=166"},{"taxonomy":"product_cat","embeddable":true,"href":"https:\/\/leseditionsduvignoble.com\/index.php\/wp-json\/wp\/v2\/product_cat?post=166"},{"taxonomy":"product_tag","embeddable":true,"href":"https:\/\/leseditionsduvignoble.com\/index.php\/wp-json\/wp\/v2\/product_tag?post=166"}],"curies":[{"name":"wp","href":"https:\/\/api.w.org\/{rel}","templated":true}]}}