{"id":164,"date":"2019-08-18T10:36:33","date_gmt":"2019-08-18T08:36:33","guid":{"rendered":"https:\/\/leseditionsduvignoble.com\/?post_type=product&#038;p=164"},"modified":"2019-09-02T09:53:46","modified_gmt":"2019-09-02T07:53:46","slug":"les-tailleurs-desperance","status":"publish","type":"product","link":"https:\/\/leseditionsduvignoble.com\/index.php\/produit\/les-tailleurs-desperance\/","title":{"rendered":"Les tailleurs d&rsquo;esp\u00e9rance"},"content":{"rendered":"<p>Milieu du XIX \u00e8 si\u00e8cle.<\/p>\n<p>La France entre dans l\u2019\u00e8re industrielle, port\u00e9e par le progr\u00e8s technique et grev\u00e9e de ses injustices sociales. Arnay, petite cit\u00e9 \u00e0 vocation agricole, va vivre cette r\u00e9volution \u00e9conomique et sociale. A son \u00e9chelle et avec ses talents. Il y a Victor l\u2019inventeur infatigable, L\u00e9once le r\u00e9publicain forcen\u00e9, Justin, le jeune paysan rejet\u00e9 de la ferme qui ne peut plus le nourrir. Et puis Margot femme moderne et r\u00e9solue \u00e0 conduire sa vie vers le bonheur contre vents et mar\u00e9es. Ceux-l\u00e0 ne peuvent que se croiser, s\u2019affronter ou s\u2019aimer, port\u00e9s par \u00ab\u00a0l\u2019invincible espoir\u00a0\u00bb.<\/p>\n","protected":false},"excerpt":{"rendered":"<p>&nbsp;<\/p>\n<p>&nbsp;<\/p>\n","protected":false},"featured_media":159,"comment_status":"open","ping_status":"closed","template":"","meta":{"_monsterinsights_skip_tracking":false,"_monsterinsights_sitenote_active":false,"_monsterinsights_sitenote_note":"","_monsterinsights_sitenote_category":0},"product_brand":[],"product_cat":[19],"product_tag":[],"class_list":{"0":"post-164","1":"product","2":"type-product","3":"status-publish","4":"has-post-thumbnail","6":"product_cat-boutique-en-ligne","8":"first","9":"instock","10":"shipping-taxable","11":"purchasable","12":"product-type-simple"},"_links":{"self":[{"href":"https:\/\/leseditionsduvignoble.com\/index.php\/wp-json\/wp\/v2\/product\/164","targetHints":{"allow":["GET"]}}],"collection":[{"href":"https:\/\/leseditionsduvignoble.com\/index.php\/wp-json\/wp\/v2\/product"}],"about":[{"href":"https:\/\/leseditionsduvignoble.com\/index.php\/wp-json\/wp\/v2\/types\/product"}],"replies":[{"embeddable":true,"href":"https:\/\/leseditionsduvignoble.com\/index.php\/wp-json\/wp\/v2\/comments?post=164"}],"wp:featuredmedia":[{"embeddable":true,"href":"https:\/\/leseditionsduvignoble.com\/index.php\/wp-json\/wp\/v2\/media\/159"}],"wp:attachment":[{"href":"https:\/\/leseditionsduvignoble.com\/index.php\/wp-json\/wp\/v2\/media?parent=164"}],"wp:term":[{"taxonomy":"product_brand","embeddable":true,"href":"https:\/\/leseditionsduvignoble.com\/index.php\/wp-json\/wp\/v2\/product_brand?post=164"},{"taxonomy":"product_cat","embeddable":true,"href":"https:\/\/leseditionsduvignoble.com\/index.php\/wp-json\/wp\/v2\/product_cat?post=164"},{"taxonomy":"product_tag","embeddable":true,"href":"https:\/\/leseditionsduvignoble.com\/index.php\/wp-json\/wp\/v2\/product_tag?post=164"}],"curies":[{"name":"wp","href":"https:\/\/api.w.org\/{rel}","templated":true}]}}