{"id":117,"date":"2019-08-29T14:05:18","date_gmt":"2019-08-29T12:05:18","guid":{"rendered":"http:\/\/leseditionsduvignoble.com\/index.php\/produit\/import-placeholder-for-975\/"},"modified":"2022-06-23T14:52:30","modified_gmt":"2022-06-23T12:52:30","slug":"le-petit-monde-dodile","status":"publish","type":"product","link":"https:\/\/leseditionsduvignoble.com\/index.php\/produit\/le-petit-monde-dodile\/","title":{"rendered":"Le Petit Monde d&rsquo;Odile"},"content":{"rendered":"<p><span style=\"font-family: times new roman, times, serif;\">\u00a0<\/span><\/p>\n<p>&nbsp;<\/p>\n<p><span style=\"font-family: 'times new roman', times, serif;\">Un enterrement dans une ville de province. Apr\u00e8s la c\u00e9r\u00e9monie, parents, amis et voisins sont r\u00e9unis dans la maison de famille pour partager le verre de l\u2019amiti\u00e9. Un inconnu s\u2019est joint au groupe. Il pr\u00e9tend \u00eatre un ami du d\u00e9funt. Il ne dit mot, mais dans \u00ab\u00a0Le petit monde d\u2019Odile\u00a0\u00bb chacun a sa part d\u2019ombre et par sa seule pr\u00e9sence, cet homme fait peser sur l\u2019assembl\u00e9e une menace diffuse qui va conduire \u00e0 mettre au jour tous les secrets enfouis.<\/span><\/p>\n","protected":false},"excerpt":{"rendered":"<p><span style=\"font-family: times new roman, times, serif;\">\u00a0<\/span><\/p>\n","protected":false},"featured_media":130,"comment_status":"open","ping_status":"closed","template":"","meta":{"_monsterinsights_skip_tracking":false,"_monsterinsights_sitenote_active":false,"_monsterinsights_sitenote_note":"","_monsterinsights_sitenote_category":0},"product_brand":[],"product_cat":[19],"product_tag":[],"class_list":{"0":"post-117","1":"product","2":"type-product","3":"status-publish","4":"has-post-thumbnail","6":"product_cat-boutique-en-ligne","8":"first","9":"instock","10":"shipping-taxable","11":"purchasable","12":"product-type-simple"},"_links":{"self":[{"href":"https:\/\/leseditionsduvignoble.com\/index.php\/wp-json\/wp\/v2\/product\/117","targetHints":{"allow":["GET"]}}],"collection":[{"href":"https:\/\/leseditionsduvignoble.com\/index.php\/wp-json\/wp\/v2\/product"}],"about":[{"href":"https:\/\/leseditionsduvignoble.com\/index.php\/wp-json\/wp\/v2\/types\/product"}],"replies":[{"embeddable":true,"href":"https:\/\/leseditionsduvignoble.com\/index.php\/wp-json\/wp\/v2\/comments?post=117"}],"wp:featuredmedia":[{"embeddable":true,"href":"https:\/\/leseditionsduvignoble.com\/index.php\/wp-json\/wp\/v2\/media\/130"}],"wp:attachment":[{"href":"https:\/\/leseditionsduvignoble.com\/index.php\/wp-json\/wp\/v2\/media?parent=117"}],"wp:term":[{"taxonomy":"product_brand","embeddable":true,"href":"https:\/\/leseditionsduvignoble.com\/index.php\/wp-json\/wp\/v2\/product_brand?post=117"},{"taxonomy":"product_cat","embeddable":true,"href":"https:\/\/leseditionsduvignoble.com\/index.php\/wp-json\/wp\/v2\/product_cat?post=117"},{"taxonomy":"product_tag","embeddable":true,"href":"https:\/\/leseditionsduvignoble.com\/index.php\/wp-json\/wp\/v2\/product_tag?post=117"}],"curies":[{"name":"wp","href":"https:\/\/api.w.org\/{rel}","templated":true}]}}