{"id":115,"date":"2019-08-18T20:05:17","date_gmt":"2019-08-18T18:05:17","guid":{"rendered":"http:\/\/leseditionsduvignoble.com\/index.php\/produit\/import-placeholder-for-759\/"},"modified":"2019-08-29T15:01:28","modified_gmt":"2019-08-29T13:01:28","slug":"greve-surprise-et-autres-bonnes-nouvelles-nouvelles","status":"publish","type":"product","link":"https:\/\/leseditionsduvignoble.com\/index.php\/produit\/greve-surprise-et-autres-bonnes-nouvelles-nouvelles\/","title":{"rendered":"Gr\u00e8ve surprise et autres bonnes nouvelles (nouvelles)"},"content":{"rendered":"<p><span style=\"font-family: 'times new roman', times, serif; font-size: 14pt;\">\u00a0 Ce \u00a0recueil regroupe toutes les nouvelles ayant \u00e9t\u00e9 distingu\u00e9es par un prix litt\u00e9raire dans les diff\u00e9rents concours auxquels j\u2019ai particip\u00e9.<\/span><\/p>\n<p><span style=\"font-family: 'times new roman', times, serif; font-size: 14pt;\">\u00a0 Une majorit\u00e9 de ces nouvelles sont souriantes, \u00e0 l\u2019image de la premi\u00e8re qui a donn\u00e9 son titre au recueil : les m\u00e9saventures d\u2019un jeune homme, c\u00e9libataire et misanthrope qui suite \u00e0 une gr\u00e8ve surprise de la SNCF va se voir oblig\u00e9 de convoyer, par le TGV, deux enfants qu\u2019une inconnue lui a confi\u00e9s. \u00a0<\/span><\/p>\n","protected":false},"excerpt":{"rendered":"<p>\u00a0 Ce \u00a0recueil regroupe toutes les nouvelles ayant \u00e9t\u00e9 distingu\u00e9es par un prix litt\u00e9raire dans les diff\u00e9rents concours auxquels j\u2019ai particip\u00e9. \u00a0 Une majorit\u00e9 de ces nouvelles sont souriantes, \u00e0 l\u2019image de la premi\u00e8re qui a donn\u00e9 son titre au recueil : les m\u00e9saventures d\u2019un jeune homme, c\u00e9libataire et misanthrope qui suite \u00e0 une gr\u00e8ve surprise de la SNCF va se voir oblig\u00e9 de convoyer, par le TGV, deux enfants qu\u2019une inconnue lui a confi\u00e9s. \u00a0<\/p>\n","protected":false},"featured_media":128,"comment_status":"closed","ping_status":"closed","template":"","meta":{"_monsterinsights_skip_tracking":false,"_monsterinsights_sitenote_active":false,"_monsterinsights_sitenote_note":"","_monsterinsights_sitenote_category":0},"product_brand":[],"product_cat":[19],"product_tag":[],"class_list":{"0":"post-115","1":"product","2":"type-product","3":"status-publish","4":"has-post-thumbnail","6":"product_cat-boutique-en-ligne","8":"first","9":"instock","10":"shipping-taxable","11":"purchasable","12":"product-type-simple"},"_links":{"self":[{"href":"https:\/\/leseditionsduvignoble.com\/index.php\/wp-json\/wp\/v2\/product\/115","targetHints":{"allow":["GET"]}}],"collection":[{"href":"https:\/\/leseditionsduvignoble.com\/index.php\/wp-json\/wp\/v2\/product"}],"about":[{"href":"https:\/\/leseditionsduvignoble.com\/index.php\/wp-json\/wp\/v2\/types\/product"}],"replies":[{"embeddable":true,"href":"https:\/\/leseditionsduvignoble.com\/index.php\/wp-json\/wp\/v2\/comments?post=115"}],"wp:featuredmedia":[{"embeddable":true,"href":"https:\/\/leseditionsduvignoble.com\/index.php\/wp-json\/wp\/v2\/media\/128"}],"wp:attachment":[{"href":"https:\/\/leseditionsduvignoble.com\/index.php\/wp-json\/wp\/v2\/media?parent=115"}],"wp:term":[{"taxonomy":"product_brand","embeddable":true,"href":"https:\/\/leseditionsduvignoble.com\/index.php\/wp-json\/wp\/v2\/product_brand?post=115"},{"taxonomy":"product_cat","embeddable":true,"href":"https:\/\/leseditionsduvignoble.com\/index.php\/wp-json\/wp\/v2\/product_cat?post=115"},{"taxonomy":"product_tag","embeddable":true,"href":"https:\/\/leseditionsduvignoble.com\/index.php\/wp-json\/wp\/v2\/product_tag?post=115"}],"curies":[{"name":"wp","href":"https:\/\/api.w.org\/{rel}","templated":true}]}}