{"id":114,"date":"2019-08-14T20:05:17","date_gmt":"2019-08-14T18:05:17","guid":{"rendered":"http:\/\/leseditionsduvignoble.com\/index.php\/produit\/import-placeholder-for-758\/"},"modified":"2019-08-29T15:06:49","modified_gmt":"2019-08-29T13:06:49","slug":"deau-de-sable-et-de-vent-nouvelles","status":"publish","type":"product","link":"https:\/\/leseditionsduvignoble.com\/index.php\/produit\/deau-de-sable-et-de-vent-nouvelles\/","title":{"rendered":"D&rsquo;eau de sable et de vent (nouvelles)"},"content":{"rendered":"<h3>\u00a0<span style=\"font-family: 'times new roman', times, serif;\"> \u00a0Un hymne \u00e0 la nature !\u00a0<\/span><span style=\"font-family: 'times new roman', times, serif;\">Un recueil de dix nouvelles<\/span><\/h3>\n<h3><span style=\"font-family: 'times new roman', times, serif;\">\u00a0 Chaque nouvelle traite d\u2019un sujet de soci\u00e9t\u00e9 qui se d\u00e9roule dans un paysage diff\u00e9rent : La mer, la montagne, le d\u00e9sert, l\u2019oasis. Au fil du r\u00e9cit, le paysage devient un personnage \u00e0 part enti\u00e8re qui influence les r\u00e9actions des protagonistes. Deux de ces nouvelles ont \u00e9t\u00e9 distingu\u00e9es par un prix litt\u00e9raire.<\/span><\/h3>\n","protected":false},"excerpt":{"rendered":"<p>\u00a0 \u00a0Un hymne \u00e0 la nature !\u00a0Un recueil de dix nouvelles \u00a0 Chaque nouvelle traite d\u2019un sujet de soci\u00e9t\u00e9 qui se d\u00e9roule dans un paysage diff\u00e9rent : La mer, la montagne, le d\u00e9sert, l\u2019oasis. Au fil du r\u00e9cit, le paysage devient un personnage \u00e0 part enti\u00e8re qui influence les r\u00e9actions des protagonistes. Deux de ces nouvelles ont \u00e9t\u00e9 distingu\u00e9es par un prix litt\u00e9raire.<\/p>\n","protected":false},"featured_media":127,"comment_status":"closed","ping_status":"closed","template":"","meta":{"_monsterinsights_skip_tracking":false,"_monsterinsights_sitenote_active":false,"_monsterinsights_sitenote_note":"","_monsterinsights_sitenote_category":0},"product_brand":[],"product_cat":[19],"product_tag":[],"class_list":{"0":"post-114","1":"product","2":"type-product","3":"status-publish","4":"has-post-thumbnail","6":"product_cat-boutique-en-ligne","8":"first","9":"instock","10":"shipping-taxable","11":"purchasable","12":"product-type-simple"},"_links":{"self":[{"href":"https:\/\/leseditionsduvignoble.com\/index.php\/wp-json\/wp\/v2\/product\/114","targetHints":{"allow":["GET"]}}],"collection":[{"href":"https:\/\/leseditionsduvignoble.com\/index.php\/wp-json\/wp\/v2\/product"}],"about":[{"href":"https:\/\/leseditionsduvignoble.com\/index.php\/wp-json\/wp\/v2\/types\/product"}],"replies":[{"embeddable":true,"href":"https:\/\/leseditionsduvignoble.com\/index.php\/wp-json\/wp\/v2\/comments?post=114"}],"wp:featuredmedia":[{"embeddable":true,"href":"https:\/\/leseditionsduvignoble.com\/index.php\/wp-json\/wp\/v2\/media\/127"}],"wp:attachment":[{"href":"https:\/\/leseditionsduvignoble.com\/index.php\/wp-json\/wp\/v2\/media?parent=114"}],"wp:term":[{"taxonomy":"product_brand","embeddable":true,"href":"https:\/\/leseditionsduvignoble.com\/index.php\/wp-json\/wp\/v2\/product_brand?post=114"},{"taxonomy":"product_cat","embeddable":true,"href":"https:\/\/leseditionsduvignoble.com\/index.php\/wp-json\/wp\/v2\/product_cat?post=114"},{"taxonomy":"product_tag","embeddable":true,"href":"https:\/\/leseditionsduvignoble.com\/index.php\/wp-json\/wp\/v2\/product_tag?post=114"}],"curies":[{"name":"wp","href":"https:\/\/api.w.org\/{rel}","templated":true}]}}