{"id":113,"date":"2019-08-26T20:05:17","date_gmt":"2019-08-26T18:05:17","guid":{"rendered":"http:\/\/leseditionsduvignoble.com\/index.php\/produit\/import-placeholder-for-757\/"},"modified":"2019-11-08T08:05:59","modified_gmt":"2019-11-08T07:05:59","slug":"lecons-de-campagne-nouvelles","status":"publish","type":"product","link":"https:\/\/leseditionsduvignoble.com\/index.php\/produit\/lecons-de-campagne-nouvelles\/","title":{"rendered":"Le\u00e7ons de campagne (nouvelles)"},"content":{"rendered":"<p><span style=\"font-family: 'times new roman', times, serif; font-size: 14pt;\">\u00a0 \u00a0C\u2019est un\u00a0<strong>r<\/strong>ecueil de nouvelles qui chantent la vie dans les campagnes de Bourgogne : Les bois, les champs, la cueillette des champignons, la p\u00eache, la chasse, mais aussi la solitude, la jalousie, la destin\u00e9e, car la campagne, ce n\u2019est pas seulement la nature, c\u2019est aussi les hommes qui y vivent avec leurs qualit\u00e9s, leurs d\u00e9fauts et leurs passions.<\/span><\/p>\n<p><span style=\"font-family: 'times new roman', times, serif; font-size: 14pt;\">La campagne \u00e7a s\u2019apprend !<\/span><\/p>\n","protected":false},"excerpt":{"rendered":"<p>\u00a0 \u00a0C\u2019est un\u00a0recueil de nouvelles qui chantent la vie dans les campagnes de Bourgogne : Les bois, les champs, la cueillette des champignons, la p\u00eache, la chasse, mais aussi la solitude, la jalousie, la destin\u00e9e, car la campagne, ce n\u2019est pas seulement la nature, c\u2019est aussi les hommes qui y vivent avec leurs qualit\u00e9s, leurs d\u00e9fauts et leurs passions. La campagne \u00e7a s\u2019apprend !<\/p>\n","protected":false},"featured_media":126,"comment_status":"closed","ping_status":"closed","template":"","meta":{"_monsterinsights_skip_tracking":false,"_monsterinsights_sitenote_active":false,"_monsterinsights_sitenote_note":"","_monsterinsights_sitenote_category":0},"product_brand":[],"product_cat":[19],"product_tag":[],"class_list":{"0":"post-113","1":"product","2":"type-product","3":"status-publish","4":"has-post-thumbnail","6":"product_cat-boutique-en-ligne","8":"first","9":"instock","10":"sold-individually","11":"shipping-taxable","12":"purchasable","13":"product-type-simple"},"_links":{"self":[{"href":"https:\/\/leseditionsduvignoble.com\/index.php\/wp-json\/wp\/v2\/product\/113","targetHints":{"allow":["GET"]}}],"collection":[{"href":"https:\/\/leseditionsduvignoble.com\/index.php\/wp-json\/wp\/v2\/product"}],"about":[{"href":"https:\/\/leseditionsduvignoble.com\/index.php\/wp-json\/wp\/v2\/types\/product"}],"replies":[{"embeddable":true,"href":"https:\/\/leseditionsduvignoble.com\/index.php\/wp-json\/wp\/v2\/comments?post=113"}],"wp:featuredmedia":[{"embeddable":true,"href":"https:\/\/leseditionsduvignoble.com\/index.php\/wp-json\/wp\/v2\/media\/126"}],"wp:attachment":[{"href":"https:\/\/leseditionsduvignoble.com\/index.php\/wp-json\/wp\/v2\/media?parent=113"}],"wp:term":[{"taxonomy":"product_brand","embeddable":true,"href":"https:\/\/leseditionsduvignoble.com\/index.php\/wp-json\/wp\/v2\/product_brand?post=113"},{"taxonomy":"product_cat","embeddable":true,"href":"https:\/\/leseditionsduvignoble.com\/index.php\/wp-json\/wp\/v2\/product_cat?post=113"},{"taxonomy":"product_tag","embeddable":true,"href":"https:\/\/leseditionsduvignoble.com\/index.php\/wp-json\/wp\/v2\/product_tag?post=113"}],"curies":[{"name":"wp","href":"https:\/\/api.w.org\/{rel}","templated":true}]}}