{"id":111,"date":"2019-08-19T20:05:16","date_gmt":"2019-08-19T18:05:16","guid":{"rendered":"http:\/\/leseditionsduvignoble.com\/index.php\/produit\/import-placeholder-for-755\/"},"modified":"2019-08-29T15:00:32","modified_gmt":"2019-08-29T13:00:32","slug":"le-cedre-sous-lorage","status":"publish","type":"product","link":"https:\/\/leseditionsduvignoble.com\/index.php\/produit\/le-cedre-sous-lorage\/","title":{"rendered":"Le c\u00e8dre sous l&rsquo;orage"},"content":{"rendered":"<h4><span style=\"font-family: 'times new roman', times, serif; font-size: 14pt;\">\u00a0\u00a0 \u00a0L&rsquo;auteur a toujours \u00e9t\u00e9 fascin\u00e9 par les conflits sans issue \u00e9quitable et on retrouve ce th\u00e8me dans plusieurs de ses romans ou nouvelles : \u00ab\u00a0Les Enfants de l\u2019Empire\u00a0\u00bb, \u00a0\u00ab\u00a0La route\u00a0\u00bb (une nouvelle qui a obtenu le prix Lucette-Desvignes en 2008) et ce roman: \u00ab\u00a0Le c\u00e8dre sous l\u2019orage\u00a0\u00bb<\/span><\/h4>\n","protected":false},"excerpt":{"rendered":"<p>\u00a0\u00a0 \u00a0L&rsquo;auteur a toujours \u00e9t\u00e9 fascin\u00e9 par les conflits sans issue \u00e9quitable et on retrouve ce th\u00e8me dans plusieurs de ses romans ou nouvelles : \u00ab\u00a0Les Enfants de l\u2019Empire\u00a0\u00bb, \u00a0\u00ab\u00a0La route\u00a0\u00bb (une nouvelle qui a obtenu le prix Lucette-Desvignes en 2008) et ce roman: \u00ab\u00a0Le c\u00e8dre sous l\u2019orage\u00a0\u00bb<\/p>\n","protected":false},"featured_media":125,"comment_status":"closed","ping_status":"closed","template":"","meta":{"_monsterinsights_skip_tracking":false,"_monsterinsights_sitenote_active":false,"_monsterinsights_sitenote_note":"","_monsterinsights_sitenote_category":0},"product_brand":[],"product_cat":[19],"product_tag":[],"class_list":{"0":"post-111","1":"product","2":"type-product","3":"status-publish","4":"has-post-thumbnail","6":"product_cat-boutique-en-ligne","8":"first","9":"instock","10":"shipping-taxable","11":"purchasable","12":"product-type-simple"},"_links":{"self":[{"href":"https:\/\/leseditionsduvignoble.com\/index.php\/wp-json\/wp\/v2\/product\/111","targetHints":{"allow":["GET"]}}],"collection":[{"href":"https:\/\/leseditionsduvignoble.com\/index.php\/wp-json\/wp\/v2\/product"}],"about":[{"href":"https:\/\/leseditionsduvignoble.com\/index.php\/wp-json\/wp\/v2\/types\/product"}],"replies":[{"embeddable":true,"href":"https:\/\/leseditionsduvignoble.com\/index.php\/wp-json\/wp\/v2\/comments?post=111"}],"wp:featuredmedia":[{"embeddable":true,"href":"https:\/\/leseditionsduvignoble.com\/index.php\/wp-json\/wp\/v2\/media\/125"}],"wp:attachment":[{"href":"https:\/\/leseditionsduvignoble.com\/index.php\/wp-json\/wp\/v2\/media?parent=111"}],"wp:term":[{"taxonomy":"product_brand","embeddable":true,"href":"https:\/\/leseditionsduvignoble.com\/index.php\/wp-json\/wp\/v2\/product_brand?post=111"},{"taxonomy":"product_cat","embeddable":true,"href":"https:\/\/leseditionsduvignoble.com\/index.php\/wp-json\/wp\/v2\/product_cat?post=111"},{"taxonomy":"product_tag","embeddable":true,"href":"https:\/\/leseditionsduvignoble.com\/index.php\/wp-json\/wp\/v2\/product_tag?post=111"}],"curies":[{"name":"wp","href":"https:\/\/api.w.org\/{rel}","templated":true}]}}