{"id":110,"date":"2019-08-17T20:05:16","date_gmt":"2019-08-17T18:05:16","guid":{"rendered":"http:\/\/leseditionsduvignoble.com\/index.php\/produit\/import-placeholder-for-753\/"},"modified":"2019-08-29T15:02:19","modified_gmt":"2019-08-29T13:02:19","slug":"et-nous-regarderons-passer-les-elephants","status":"publish","type":"product","link":"https:\/\/leseditionsduvignoble.com\/index.php\/produit\/et-nous-regarderons-passer-les-elephants\/","title":{"rendered":"Et nous regarderons passer les \u00e9l\u00e9phants"},"content":{"rendered":"<h5><span style=\"font-size: 19px;\">\u00a0<\/span><\/h5>\n<h5><span style=\"font-size: 14pt;\"><span style=\"font-family: 'times new roman', times, serif; font-size: 14pt;\">\u00a0 \u00a0Roman d\u2019aventure, d\u2019amour et d\u2019amiti\u00e9 sur le mythe de la femme id\u00e9ale mais \u00e9galement une r\u00e9flexion sur le temps qui passe, qui alt\u00e8re les apparences, affine les sensibilit\u00e9s, modifie les jugements et la perception de l\u2019histoire mais laisse intactes les grandes passions.<\/span><\/span><\/h5>\n<p><strong>\u00a0 <span style=\"font-family: 'times new roman', times, serif; font-size: 14pt;\">\u00a0Ce livre a obtenu le prix Bourgogne de litt\u00e9rature<\/span><\/strong><\/p>\n","protected":false},"excerpt":{"rendered":"<p>\u00a0 \u00a0 \u00a0Roman d\u2019aventure, d\u2019amour et d\u2019amiti\u00e9 sur le mythe de la femme id\u00e9ale mais \u00e9galement une r\u00e9flexion sur le temps qui passe, qui alt\u00e8re les apparences, affine les sensibilit\u00e9s, modifie les jugements et la perception de l\u2019histoire mais laisse intactes les grandes passions. \u00a0 \u00a0Ce livre a obtenu le prix Bourgogne de litt\u00e9rature<\/p>\n","protected":false},"featured_media":124,"comment_status":"closed","ping_status":"closed","template":"","meta":{"_monsterinsights_skip_tracking":false,"_monsterinsights_sitenote_active":false,"_monsterinsights_sitenote_note":"","_monsterinsights_sitenote_category":0},"product_brand":[],"product_cat":[19],"product_tag":[],"class_list":{"0":"post-110","1":"product","2":"type-product","3":"status-publish","4":"has-post-thumbnail","6":"product_cat-boutique-en-ligne","8":"first","9":"instock","10":"shipping-taxable","11":"purchasable","12":"product-type-simple"},"_links":{"self":[{"href":"https:\/\/leseditionsduvignoble.com\/index.php\/wp-json\/wp\/v2\/product\/110","targetHints":{"allow":["GET"]}}],"collection":[{"href":"https:\/\/leseditionsduvignoble.com\/index.php\/wp-json\/wp\/v2\/product"}],"about":[{"href":"https:\/\/leseditionsduvignoble.com\/index.php\/wp-json\/wp\/v2\/types\/product"}],"replies":[{"embeddable":true,"href":"https:\/\/leseditionsduvignoble.com\/index.php\/wp-json\/wp\/v2\/comments?post=110"}],"wp:featuredmedia":[{"embeddable":true,"href":"https:\/\/leseditionsduvignoble.com\/index.php\/wp-json\/wp\/v2\/media\/124"}],"wp:attachment":[{"href":"https:\/\/leseditionsduvignoble.com\/index.php\/wp-json\/wp\/v2\/media?parent=110"}],"wp:term":[{"taxonomy":"product_brand","embeddable":true,"href":"https:\/\/leseditionsduvignoble.com\/index.php\/wp-json\/wp\/v2\/product_brand?post=110"},{"taxonomy":"product_cat","embeddable":true,"href":"https:\/\/leseditionsduvignoble.com\/index.php\/wp-json\/wp\/v2\/product_cat?post=110"},{"taxonomy":"product_tag","embeddable":true,"href":"https:\/\/leseditionsduvignoble.com\/index.php\/wp-json\/wp\/v2\/product_tag?post=110"}],"curies":[{"name":"wp","href":"https:\/\/api.w.org\/{rel}","templated":true}]}}