{"id":107,"date":"2019-08-23T20:05:16","date_gmt":"2019-08-23T18:05:16","guid":{"rendered":"http:\/\/leseditionsduvignoble.com\/index.php\/produit\/import-placeholder-for-733\/"},"modified":"2019-08-29T14:57:44","modified_gmt":"2019-08-29T12:57:44","slug":"je-te-poste-cette-carte-de-marseille","status":"publish","type":"product","link":"https:\/\/leseditionsduvignoble.com\/index.php\/produit\/je-te-poste-cette-carte-de-marseille\/","title":{"rendered":"Je te poste cette carte de Marseille"},"content":{"rendered":"<h5><\/h5>\n<h5><span style=\"font-family: 'times new roman', times, serif; font-size: 14pt;\">\u00a0 \u00a0Ce roman est bas\u00e9 sur une th\u00e9orie, appel\u00e9e en psychanalyse la th\u00e9orie du fant\u00f4me, qui pr\u00e9tend qu\u2019un traumatisme peut passer d\u2019un parent \u00e0 un enfant sans que rien n\u2019ait \u00e9t\u00e9 formul\u00e9. Ce sont les silences et les non-dits qui font que l\u2019adolescent et plus tard l\u2019adulte sont victimes de troubles du comportement.<\/span><\/h5>\n<h5><span style=\"font-family: 'times new roman', times, serif; font-size: 14pt;\">Retrouvez les personnages et les th\u00e8mes de ce roman dans : \u00ab\u00a0La douzi\u00e8me carte\u00a0\u00bb<\/span><\/h5>\n<div id=\"shr_canvas2\" class=\"shareaholic-canvas shareaholic-ui shareaholic-resolved-canvas ng-scope\" data-app=\"share_buttons\" data-title=\"Je te poste cette carte de Marseille\" data-link=\"http:\/\/michelrederon.com\/produit\/je-te-poste-cette-carte-de-marseille\/\" data-summary=\"Un jour, dans une brocante, retournant une carte postale ancienne, Luc a un choc : Il conna\u00eet cette \u00e9criture ! Cette d\u00e9couverte va \u00eatre le d\u00e9but d\u2019une longue qu\u00eate qui carte apr\u00e8s carte va lui d\u00e9voiler l\u2019histoire de sa famille et un terrible secret qui est peut-\u00eatre \u00e0 l\u2019origine de ses troubles de comportement. \u00a0 \u00a0Bas\u00e9 sur la psychog\u00e9n\u00e9alogie, ce roman tente d\u2019explorer les myst\u00e8res de l\u2019inconscient.\" data-app-id=\"26541373\" data-app-id-name=\"post_below_content\">\n<div class=\"ng-scope shareaholic-share_buttons\" translate=\"no\">\n<div class=\"shareaholic-share-buttons-container shareaholic-ui shr-no-print shareaholic-badge-counter\">\n<div class=\"shareaholic-share-buttons-wrapper shareaholic-ui shareaholic-share-buttons-wrapper-with-headline\">\n<div class=\"shareaholic-share-buttons-animation-wrapper\">\n<div class=\"shareaholic-share-buttons-heading shareaholic-custom\">\n<div class=\"shareaholic-share-arrow ng-scope shareaholic-share-arrow-version-1\"><\/div>\n<div><\/div>\n<\/div>\n<\/div>\n<\/div>\n<\/div>\n<\/div>\n<\/div>\n<h5><\/h5>\n<h5><\/h5>\n","protected":false},"excerpt":{"rendered":"<h5><\/h5>\n<h5><\/h5>\n<div><\/div>\n<div id=\"shr_canvas2\" class=\"shareaholic-canvas shareaholic-ui shareaholic-resolved-canvas ng-scope\" data-app=\"share_buttons\" data-title=\"Je te poste cette carte de Marseille\" data-link=\"http:\/\/michelrederon.com\/produit\/je-te-poste-cette-carte-de-marseille\/\" data-summary=\"Un jour, dans une brocante, retournant une carte postale ancienne, Luc a un choc : Il conna\u00eet cette \u00e9criture ! Cette d\u00e9couverte va \u00eatre le d\u00e9but d\u2019une longue qu\u00eate qui carte apr\u00e8s carte va lui d\u00e9voiler l\u2019histoire de sa famille et un terrible secret qui est peut-\u00eatre \u00e0 l\u2019origine de ses troubles de comportement. \u00a0 \u00a0Bas\u00e9 sur la psychog\u00e9n\u00e9alogie, ce roman tente d\u2019explorer les myst\u00e8res de l\u2019inconscient.\" data-app-id=\"26541373\" data-app-id-name=\"post_below_content\">\n<div class=\"ng-scope shareaholic-share_buttons\" translate=\"no\"><\/div>\n<\/div>\n","protected":false},"featured_media":121,"comment_status":"closed","ping_status":"closed","template":"","meta":{"_monsterinsights_skip_tracking":false,"_monsterinsights_sitenote_active":false,"_monsterinsights_sitenote_note":"","_monsterinsights_sitenote_category":0},"product_brand":[],"product_cat":[19],"product_tag":[20,21],"class_list":{"0":"post-107","1":"product","2":"type-product","3":"status-publish","4":"has-post-thumbnail","6":"product_cat-boutique-en-ligne","7":"product_tag-cartes-postales","8":"product_tag-psychogenealogie","10":"first","11":"instock","12":"shipping-taxable","13":"purchasable","14":"product-type-simple"},"_links":{"self":[{"href":"https:\/\/leseditionsduvignoble.com\/index.php\/wp-json\/wp\/v2\/product\/107","targetHints":{"allow":["GET"]}}],"collection":[{"href":"https:\/\/leseditionsduvignoble.com\/index.php\/wp-json\/wp\/v2\/product"}],"about":[{"href":"https:\/\/leseditionsduvignoble.com\/index.php\/wp-json\/wp\/v2\/types\/product"}],"replies":[{"embeddable":true,"href":"https:\/\/leseditionsduvignoble.com\/index.php\/wp-json\/wp\/v2\/comments?post=107"}],"wp:featuredmedia":[{"embeddable":true,"href":"https:\/\/leseditionsduvignoble.com\/index.php\/wp-json\/wp\/v2\/media\/121"}],"wp:attachment":[{"href":"https:\/\/leseditionsduvignoble.com\/index.php\/wp-json\/wp\/v2\/media?parent=107"}],"wp:term":[{"taxonomy":"product_brand","embeddable":true,"href":"https:\/\/leseditionsduvignoble.com\/index.php\/wp-json\/wp\/v2\/product_brand?post=107"},{"taxonomy":"product_cat","embeddable":true,"href":"https:\/\/leseditionsduvignoble.com\/index.php\/wp-json\/wp\/v2\/product_cat?post=107"},{"taxonomy":"product_tag","embeddable":true,"href":"https:\/\/leseditionsduvignoble.com\/index.php\/wp-json\/wp\/v2\/product_tag?post=107"}],"curies":[{"name":"wp","href":"https:\/\/api.w.org\/{rel}","templated":true}]}}