{"id":104,"date":"2019-08-16T20:05:15","date_gmt":"2019-08-16T18:05:15","guid":{"rendered":"http:\/\/leseditionsduvignoble.com\/index.php\/produit\/import-placeholder-for-718\/"},"modified":"2025-05-24T17:52:41","modified_gmt":"2025-05-24T15:52:41","slug":"les-enfants-de-lempire","status":"publish","type":"product","link":"https:\/\/leseditionsduvignoble.com\/index.php\/produit\/les-enfants-de-lempire\/","title":{"rendered":"Les enfants de l&#8217;empire"},"content":{"rendered":"<h5 style=\"text-align: justify;\">\u00a0 \u00a0Ce r\u00e9cit romanesque des derni\u00e8res ann\u00e9es de guerres coloniales permet de mieux comprendre les int\u00e9r\u00eats et les motivations des diff\u00e9rents protagonistes de ces conflits. Les personnages sont entra\u00een\u00e9s par la spirale de la violence dans des combats que parfois ils d\u00e9sapprouvent. Leurs convictions sont bafou\u00e9es, leurs certitudes \u00e9branl\u00e9es, leurs amours contrari\u00e9es.<\/h5>\n","protected":false},"excerpt":{"rendered":"<h5 style=\"text-align: justify;\"><\/h5>\n","protected":false},"featured_media":118,"comment_status":"closed","ping_status":"closed","template":"","meta":{"_monsterinsights_skip_tracking":false,"_monsterinsights_sitenote_active":false,"_monsterinsights_sitenote_note":"","_monsterinsights_sitenote_category":0},"product_brand":[],"product_cat":[19],"product_tag":[],"class_list":{"0":"post-104","1":"product","2":"type-product","3":"status-publish","4":"has-post-thumbnail","6":"product_cat-boutique-en-ligne","8":"first","9":"instock","10":"shipping-taxable","11":"purchasable","12":"product-type-simple"},"_links":{"self":[{"href":"https:\/\/leseditionsduvignoble.com\/index.php\/wp-json\/wp\/v2\/product\/104","targetHints":{"allow":["GET"]}}],"collection":[{"href":"https:\/\/leseditionsduvignoble.com\/index.php\/wp-json\/wp\/v2\/product"}],"about":[{"href":"https:\/\/leseditionsduvignoble.com\/index.php\/wp-json\/wp\/v2\/types\/product"}],"replies":[{"embeddable":true,"href":"https:\/\/leseditionsduvignoble.com\/index.php\/wp-json\/wp\/v2\/comments?post=104"}],"wp:featuredmedia":[{"embeddable":true,"href":"https:\/\/leseditionsduvignoble.com\/index.php\/wp-json\/wp\/v2\/media\/118"}],"wp:attachment":[{"href":"https:\/\/leseditionsduvignoble.com\/index.php\/wp-json\/wp\/v2\/media?parent=104"}],"wp:term":[{"taxonomy":"product_brand","embeddable":true,"href":"https:\/\/leseditionsduvignoble.com\/index.php\/wp-json\/wp\/v2\/product_brand?post=104"},{"taxonomy":"product_cat","embeddable":true,"href":"https:\/\/leseditionsduvignoble.com\/index.php\/wp-json\/wp\/v2\/product_cat?post=104"},{"taxonomy":"product_tag","embeddable":true,"href":"https:\/\/leseditionsduvignoble.com\/index.php\/wp-json\/wp\/v2\/product_tag?post=104"}],"curies":[{"name":"wp","href":"https:\/\/api.w.org\/{rel}","templated":true}]}}