{"id":466,"date":"2022-10-31T09:50:31","date_gmt":"2022-10-31T08:50:31","guid":{"rendered":"https:\/\/leseditionsduvignoble.com\/?page_id=466"},"modified":"2022-11-01T07:59:58","modified_gmt":"2022-11-01T06:59:58","slug":"offre-speciale-noel-2022","status":"publish","type":"page","link":"https:\/\/leseditionsduvignoble.com\/index.php\/offre-speciale-noel-2022\/","title":{"rendered":"Offre sp\u00e9ciale No\u00ebl 2022"},"content":{"rendered":"\n<p>   Pour tout achat d&rsquo;un livre, LES \u00c9DITIONS DU VIGNOBLE offrent le recueil de nouvelles : \u00ab\u00a0<strong>Fleurs de Vignes<\/strong>\u00ab\u00a0,  un ouvrage collectif \u00e9crit par onze auteurs en soutien au salon \u00ab\u00a0Livres en Vignes\u00a0\u00bb qui se tient tous les ans au ch\u00e2teau du Clos de Vougeot.<\/p>\n\n\n\n<p>Auteurs :J\u00e9r\u00f4me Attal, Laurent B\u00e9n\u00e9gui, Philippe Besson, Jean-Paul Delfino, Lucette Desvignes, Lorraine Fouchet, ErwanLarher, Michel Quint, Michel Rederon, Maud Tabachnik, Denis Tillinac<\/p>\n\n\n\n<p>Offre valable du 1er novembre au 15 d\u00e9cembre. <\/p>\n\n\n\n<figure class=\"wp-block-image size-full\"><img loading=\"lazy\" decoding=\"async\" width=\"270\" height=\"325\" src=\"https:\/\/leseditionsduvignoble.com\/wp-content\/uploads\/2020\/10\/Capture-decran-2020-10-05-a-09.54.09-e1608024806620.png\" alt=\"\" class=\"wp-image-282\"\/><\/figure>\n","protected":false},"excerpt":{"rendered":"<p>Pour tout achat d&rsquo;un livre, LES \u00c9DITIONS DU VIGNOBLE offrent le recueil de nouvelles : \u00ab\u00a0Fleurs de Vignes\u00ab\u00a0, un ouvrage collectif \u00e9crit par onze auteurs en soutien au salon \u00ab\u00a0Livres en Vignes\u00a0\u00bb qui se tient tous les ans au ch\u00e2teau du Clos de Vougeot. Auteurs :J\u00e9r\u00f4me Attal, Laurent B\u00e9n\u00e9gui, Philippe Besson, Jean-Paul Delfino, Lucette Desvignes, Lorraine Fouchet, ErwanLarher, Michel Quint, Michel Rederon, Maud Tabachnik, Denis Tillinac Offre valable du 1er novembre au 15 d\u00e9cembre.<\/p>\n","protected":false},"author":1,"featured_media":0,"parent":0,"menu_order":0,"comment_status":"closed","ping_status":"closed","template":"","meta":{"_monsterinsights_skip_tracking":false,"_monsterinsights_sitenote_active":false,"_monsterinsights_sitenote_note":"","_monsterinsights_sitenote_category":0,"footnotes":""},"class_list":["post-466","page","type-page","status-publish","hentry"],"_links":{"self":[{"href":"https:\/\/leseditionsduvignoble.com\/index.php\/wp-json\/wp\/v2\/pages\/466","targetHints":{"allow":["GET"]}}],"collection":[{"href":"https:\/\/leseditionsduvignoble.com\/index.php\/wp-json\/wp\/v2\/pages"}],"about":[{"href":"https:\/\/leseditionsduvignoble.com\/index.php\/wp-json\/wp\/v2\/types\/page"}],"author":[{"embeddable":true,"href":"https:\/\/leseditionsduvignoble.com\/index.php\/wp-json\/wp\/v2\/users\/1"}],"replies":[{"embeddable":true,"href":"https:\/\/leseditionsduvignoble.com\/index.php\/wp-json\/wp\/v2\/comments?post=466"}],"version-history":[{"count":6,"href":"https:\/\/leseditionsduvignoble.com\/index.php\/wp-json\/wp\/v2\/pages\/466\/revisions"}],"predecessor-version":[{"id":474,"href":"https:\/\/leseditionsduvignoble.com\/index.php\/wp-json\/wp\/v2\/pages\/466\/revisions\/474"}],"wp:attachment":[{"href":"https:\/\/leseditionsduvignoble.com\/index.php\/wp-json\/wp\/v2\/media?parent=466"}],"curies":[{"name":"wp","href":"https:\/\/api.w.org\/{rel}","templated":true}]}}