{"id":24,"date":"2020-05-14T11:20:20","date_gmt":"2020-05-14T09:20:20","guid":{"rendered":"http:\/\/leseditionsduvignoble.com\/?page_id=24"},"modified":"2025-02-08T11:43:22","modified_gmt":"2025-02-08T10:43:22","slug":"accueil","status":"publish","type":"page","link":"https:\/\/leseditionsduvignoble.com\/","title":{"rendered":"Accueil"},"content":{"rendered":"\n<p style=\"font-size:25px\"><\/p>\n\n\n\n<p style=\"font-size:30px\"><\/p>\n\n\n\n<p style=\"font-size:26px\">    Le catalogue des \u00c9ditions du Vignoble comprend \u00e0 ce jour 26 romans et recueils de nouvelles.  <\/p>\n\n\n\n<p style=\"font-size:26px\">&nbsp;&nbsp;  Les romans vous feront voyager de la Bourgogne au Canada, du Laos au Liban. Vous plongerez dans les myst\u00e8res de l\u2019inconscient, les arcanes de la m\u00e9moire et des pages oubli\u00e9es de notre histoire. D\u00e9couvrez les passions contrari\u00e9es, les mensonges et les secrets de famille qui bouleversent le destin de ces personnages qui nous ressemblent tant.<\/p>\n\n\n\n<p style=\"font-size:26px\">   Vous voyagerez \u00e9galement dans le temps avec les romans historiques vous d\u00e9couvrirez comment, au Moyen-\u00e2ge, Rutebeuf d\u00e9veloppe notre langue ou comment au XVI\u00e8me si\u00e8cle, Bonaventure l\u2019affine, la d\u00e9barrasse de ses archa\u00efsmes. Vous d\u00e9couvrirez \u00e9galement les m\u00e9tiers oubli\u00e9s, de l\u2019Auxois et du Morvan, les tailleurs de pierres et de limes, les charretiers, les bateliers&#8230;&nbsp;<\/p>\n\n\n\n<p style=\"font-size:26px\">   Feuilletez <a rel=\"noreferrer noopener\" href=\"https:\/\/leseditionsduvignoble.com\/index.php\/boutique\/\" target=\"_blank\">le catalogue<\/a> pour avoir plus de d\u00e9tails sur tous les livres que nous distribuons. Les \u00c9ditions du Vignoble ont \u00e9t\u00e9 cr\u00e9\u00e9es en 2018 suite \u00e0 la cessation d\u2019activit\u00e9 des \u00c9ditions de l\u2019Arman\u00e7on, un \u00e9diteur r\u00e9gional qui pendant plus de vingt ans a publi\u00e9 des livres sur la Bourgogne, ou \u00e9crits par des auteurs bourguignons. Elles ont pour objectif&nbsp;&nbsp;de donner la possibilit\u00e9 aux anciens auteurs de l\u2019Arman\u00e7on soit de publier de nouveaux ouvrages soit d&rsquo;en r\u00e9\u00e9diter des anciens et de les commercialiser.<\/p>\n\n\n\n<p style=\"font-size:26px\">&nbsp;  Les \u00c9DITIONS DU VIGNOBLE vous offrent la possibilit\u00e9 d&rsquo;offrir, \u00e0 la personne de votre choix, un livre du catalogue d\u00e9dicac\u00e9 par l&rsquo;auteur.<\/p>\n\n\n\n<p style=\"font-size:28px\">voir : \u00ab\u00a0Validation de commande\u00a0\u00bb &#8211; encadr\u00e9 : \u00ab\u00a0commentaires\u00a0\u00bb<\/p>\n\n\n\n<p style=\"font-size:1px\">Pour la nouvelle ann\u00e9e, offrez \u00e0 la personne de votre choix un livre d\u00e9dicac\u00e9 par l&rsquo;auteur.Exp\u00e9dition franco de por<\/p>\n\n\n\n<p style=\"font-size:26px\">Les \u00c9ditions du Vignoble.&nbsp;<br>288-300 chemin haut de Roulan 30000 N\u00eemes&nbsp;<br>contact : contact@leseditionsduvignoble.com<\/p>\n\n\n\n<p style=\"font-size:22px\"><\/p>\n\n\n\n<p class=\"has-medium-font-size\"><\/p>\n\n\n\n<p><\/p>\n\n\n\n<p><\/p>\n","protected":false},"excerpt":{"rendered":"<p>Le catalogue des \u00c9ditions du Vignoble comprend \u00e0 ce jour 26 romans et recueils de nouvelles. &nbsp;&nbsp; Les romans vous feront voyager de la Bourgogne au Canada, du Laos au Liban. Vous plongerez dans les myst\u00e8res de l\u2019inconscient, les arcanes de la m\u00e9moire et des pages oubli\u00e9es de notre histoire. D\u00e9couvrez les passions contrari\u00e9es, les mensonges et les secrets de famille qui bouleversent le destin de ces personnages qui nous ressemblent tant. Vous voyagerez \u00e9galement dans le temps avec les&#8230;<\/p>\n<p class=\"read-more\"><a class=\"btn btn-default\" href=\"https:\/\/leseditionsduvignoble.com\/\">Lire la suite<span class=\"screen-reader-text\"> Lire la suite<\/span><\/a><\/p>\n","protected":false},"author":1,"featured_media":0,"parent":0,"menu_order":0,"comment_status":"closed","ping_status":"closed","template":"","meta":{"_monsterinsights_skip_tracking":false,"_monsterinsights_sitenote_active":false,"_monsterinsights_sitenote_note":"","_monsterinsights_sitenote_category":0,"footnotes":""},"class_list":["post-24","page","type-page","status-publish","hentry"],"_links":{"self":[{"href":"https:\/\/leseditionsduvignoble.com\/index.php\/wp-json\/wp\/v2\/pages\/24","targetHints":{"allow":["GET"]}}],"collection":[{"href":"https:\/\/leseditionsduvignoble.com\/index.php\/wp-json\/wp\/v2\/pages"}],"about":[{"href":"https:\/\/leseditionsduvignoble.com\/index.php\/wp-json\/wp\/v2\/types\/page"}],"author":[{"embeddable":true,"href":"https:\/\/leseditionsduvignoble.com\/index.php\/wp-json\/wp\/v2\/users\/1"}],"replies":[{"embeddable":true,"href":"https:\/\/leseditionsduvignoble.com\/index.php\/wp-json\/wp\/v2\/comments?post=24"}],"version-history":[{"count":52,"href":"https:\/\/leseditionsduvignoble.com\/index.php\/wp-json\/wp\/v2\/pages\/24\/revisions"}],"predecessor-version":[{"id":629,"href":"https:\/\/leseditionsduvignoble.com\/index.php\/wp-json\/wp\/v2\/pages\/24\/revisions\/629"}],"wp:attachment":[{"href":"https:\/\/leseditionsduvignoble.com\/index.php\/wp-json\/wp\/v2\/media?parent=24"}],"curies":[{"name":"wp","href":"https:\/\/api.w.org\/{rel}","templated":true}]}}